{"id":667,"date":"2018-11-15T15:25:04","date_gmt":"2018-11-15T14:25:04","guid":{"rendered":"https:\/\/parr78.fr\/Wpress\/?page_id=667"},"modified":"2026-03-29T20:55:23","modified_gmt":"2026-03-29T18:55:23","slug":"contactez-nous","status":"publish","type":"page","link":"https:\/\/parr78.fr\/Wpress\/contactez-nous\/","title":{"rendered":"contactez-nous"},"content":{"rendered":"\t\t<div data-elementor-type=\"wp-post\" data-elementor-id=\"667\" class=\"elementor elementor-667\">\n\t\t\t\t\t\t<section class=\"elementor-section elementor-top-section elementor-element elementor-element-4c47bce elementor-section-boxed elementor-section-height-default elementor-section-height-default\" data-id=\"4c47bce\" data-element_type=\"section\" data-e-type=\"section\">\n\t\t\t\t\t\t<div class=\"elementor-container elementor-column-gap-default\">\n\t\t\t\t\t<div class=\"elementor-column elementor-col-100 elementor-top-column elementor-element elementor-element-e75147b\" data-id=\"e75147b\" data-element_type=\"column\" data-e-type=\"column\">\n\t\t\t<div class=\"elementor-widget-wrap elementor-element-populated\">\n\t\t\t\t\t\t<div class=\"elementor-element elementor-element-05fbcaa elementor-widget elementor-widget-text-editor\" data-id=\"05fbcaa\" data-element_type=\"widget\" data-e-type=\"widget\" data-widget_type=\"text-editor.default\">\n\t\t\t\t<div class=\"elementor-widget-container\">\n\t\t\t\t\t\t\t\t\t<h2>Vous pouvez nous envoyer un mail \u00e0 : <a href=\"mailto:contact@parr78.org\">contact@parr78.fr<\/a><\/h2><h2>ou nous \u00e9crire \u00e0 :<\/h2><h3>PARR, P\u00f4le associatif Marie-France Faure, <br \/>67 rue Fernand Dreyfus 78120 RAMBOUILLET<\/h3><h2>Vous pouvez \u00e9galement nous envoyer un message -une question, une suggestion&#8230; en\u00a0 utilisant le formulaire ci-dessous.<\/h2><p>Nous vous r\u00e9pondrons tr\u00e8s rapidement.<\/p>\t\t\t\t\t\t\t\t<\/div>\n\t\t\t\t<\/div>\n\t\t\t\t<div class=\"elementor-element elementor-element-8978bf2 elementor-widget elementor-widget-shortcode\" data-id=\"8978bf2\" data-element_type=\"widget\" data-e-type=\"widget\" data-widget_type=\"shortcode.default\">\n\t\t\t\t<div class=\"elementor-widget-container\">\n\t\t\t\t\t\t\t<div class=\"elementor-shortcode\"><div class=\"wpforms-container wpforms-container-full\" id=\"wpforms-666\"><form id=\"wpforms-form-666\" class=\"wpforms-validate wpforms-form\" data-formid=\"666\" method=\"post\" enctype=\"multipart\/form-data\" action=\"\/Wpress\/wp-json\/wp\/v2\/pages\/667\" data-token=\"4c52c703dccb809508a231cb7714572b\" data-token-time=\"1776408297\"><noscript class=\"wpforms-error-noscript\">Veuillez activer JavaScript dans votre navigateur pour remplir ce formulaire.<\/noscript><div class=\"wpforms-field-container\"><div id=\"wpforms-666-field_0-container\" class=\"wpforms-field wpforms-field-name\" data-field-id=\"0\"><label class=\"wpforms-field-label\">Nom <span class=\"wpforms-required-label\">*<\/span><\/label><div class=\"wpforms-field-row wpforms-field-medium\"><div class=\"wpforms-field-row-block wpforms-first wpforms-one-half\"><input type=\"text\" id=\"wpforms-666-field_0\" class=\"wpforms-field-name-first wpforms-field-required\" name=\"wpforms[fields][0][first]\" required><label for=\"wpforms-666-field_0\" class=\"wpforms-field-sublabel after\">Pr\u00e9nom<\/label><\/div><div class=\"wpforms-field-row-block wpforms-one-half\"><input type=\"text\" id=\"wpforms-666-field_0-last\" class=\"wpforms-field-name-last wpforms-field-required\" name=\"wpforms[fields][0][last]\" required><label for=\"wpforms-666-field_0-last\" class=\"wpforms-field-sublabel after\">Nom<\/label><\/div><\/div><\/div><div id=\"wpforms-666-field_1-container\" class=\"wpforms-field wpforms-field-email\" data-field-id=\"1\"><label class=\"wpforms-field-label\" for=\"wpforms-666-field_1\">Adresse de contact <span class=\"wpforms-required-label\">*<\/span><\/label><input type=\"email\" id=\"wpforms-666-field_1\" class=\"wpforms-field-medium wpforms-field-required\" name=\"wpforms[fields][1]\" spellcheck=\"false\" required><\/div><div id=\"wpforms-666-field_3-container\" class=\"wpforms-field wpforms-field-text\" data-field-id=\"3\"><label class=\"wpforms-field-label\" for=\"wpforms-666-field_3\">ma question :<\/label><input type=\"text\" id=\"wpforms-666-field_3\" class=\"wpforms-field-large\" name=\"wpforms[fields][3]\" ><\/div><div id=\"wpforms-666-field_4-container\" class=\"wpforms-field wpforms-field-text\" data-field-id=\"4\"><input type=\"text\" id=\"wpforms-666-field_4\" class=\"wpforms-field-large\" name=\"wpforms[fields][4]\" ><\/div><div id=\"wpforms-666-field_5-container\" class=\"wpforms-field wpforms-field-text\" data-field-id=\"5\"><input type=\"text\" id=\"wpforms-666-field_5\" class=\"wpforms-field-large\" name=\"wpforms[fields][5]\" ><\/div><\/div><!-- .wpforms-field-container --><div class=\"wpforms-submit-container\" ><input type=\"hidden\" name=\"wpforms[id]\" value=\"666\"><input type=\"hidden\" name=\"page_title\" value=\"\"><input type=\"hidden\" name=\"page_url\" value=\"https:\/\/parr78.fr\/Wpress\/wp-json\/wp\/v2\/pages\/667\"><input type=\"hidden\" name=\"url_referer\" value=\"\"><button type=\"submit\" name=\"wpforms[submit]\" id=\"wpforms-submit-666\" class=\"wpforms-submit\" aria-live=\"assertive\" value=\"wpforms-submit\">Envoyer<\/button><\/div><\/form><\/div>  <!-- .wpforms-container --><\/div>\n\t\t\t\t\t\t<\/div>\n\t\t\t\t<\/div>\n\t\t\t\t\t<\/div>\n\t\t<\/div>\n\t\t\t\t\t<\/div>\n\t\t<\/section>\n\t\t\t\t<section class=\"elementor-section elementor-top-section elementor-element elementor-element-984c6ce elementor-section-boxed elementor-section-height-default elementor-section-height-default\" data-id=\"984c6ce\" data-element_type=\"section\" data-e-type=\"section\">\n\t\t\t\t\t\t<div class=\"elementor-container elementor-column-gap-default\">\n\t\t\t\t\t<div class=\"elementor-column elementor-col-100 elementor-top-column elementor-element elementor-element-9b22d79\" data-id=\"9b22d79\" data-element_type=\"column\" data-e-type=\"column\">\n\t\t\t<div class=\"elementor-widget-wrap elementor-element-populated\">\n\t\t\t\t\t\t<div class=\"elementor-element elementor-element-43b274a elementor-widget elementor-widget-image\" data-id=\"43b274a\" data-element_type=\"widget\" data-e-type=\"widget\" data-widget_type=\"image.default\">\n\t\t\t\t<div class=\"elementor-widget-container\">\n\t\t\t\t\t\t\t\t\t\t\t\t\t\t\t<img fetchpriority=\"high\" decoding=\"async\" width=\"1000\" height=\"300\" src=\"https:\/\/parr78.fr\/Wpress\/wp-content\/uploads\/2018\/11\/parr-1.jpg\" class=\"attachment-large size-large wp-image-278\" alt=\"Forum des associations de Rambouillet\" srcset=\"https:\/\/parr78.fr\/Wpress\/wp-content\/uploads\/2018\/11\/parr-1.jpg 1000w, https:\/\/parr78.fr\/Wpress\/wp-content\/uploads\/2018\/11\/parr-1-300x90.jpg 300w, https:\/\/parr78.fr\/Wpress\/wp-content\/uploads\/2018\/11\/parr-1-768x230.jpg 768w\" sizes=\"(max-width: 1000px) 100vw, 1000px\" \/>\t\t\t\t\t\t\t\t\t\t\t\t\t\t\t<\/div>\n\t\t\t\t<\/div>\n\t\t\t\t\t<\/div>\n\t\t<\/div>\n\t\t\t\t\t<\/div>\n\t\t<\/section>\n\t\t\t\t<\/div>\n\t\t","protected":false},"excerpt":{"rendered":"<p>Vous pouvez nous envoyer un mail \u00e0 : contact@parr78.fr ou nous \u00e9crire \u00e0 : PARR, P\u00f4le associatif Marie-France Faure, 67 rue Fernand Dreyfus 78120 RAMBOUILLET Vous pouvez \u00e9galement nous envoyer un message -une question, une suggestion&#8230; en\u00a0 utilisant le formulaire ci-dessous. Nous vous r\u00e9pondrons tr\u00e8s rapidement.<\/p>\n","protected":false},"author":1,"featured_media":0,"parent":0,"menu_order":0,"comment_status":"closed","ping_status":"closed","template":"","meta":{"ocean_post_layout":"","ocean_both_sidebars_style":"","ocean_both_sidebars_content_width":0,"ocean_both_sidebars_sidebars_width":0,"ocean_sidebar":"","ocean_second_sidebar":"","ocean_disable_margins":"enable","ocean_add_body_class":"","ocean_shortcode_before_top_bar":"","ocean_shortcode_after_top_bar":"","ocean_shortcode_before_header":"","ocean_shortcode_after_header":"","ocean_has_shortcode":"","ocean_shortcode_after_title":"","ocean_shortcode_before_footer_widgets":"","ocean_shortcode_after_footer_widgets":"","ocean_shortcode_before_footer_bottom":"","ocean_shortcode_after_footer_bottom":"","ocean_display_top_bar":"default","ocean_display_header":"default","ocean_header_style":"","ocean_center_header_left_menu":"","ocean_custom_header_template":"","ocean_custom_logo":0,"ocean_custom_retina_logo":0,"ocean_custom_logo_max_width":0,"ocean_custom_logo_tablet_max_width":0,"ocean_custom_logo_mobile_max_width":0,"ocean_custom_logo_max_height":0,"ocean_custom_logo_tablet_max_height":0,"ocean_custom_logo_mobile_max_height":0,"ocean_header_custom_menu":"","ocean_menu_typo_font_family":"","ocean_menu_typo_font_subset":"","ocean_menu_typo_font_size":0,"ocean_menu_typo_font_size_tablet":0,"ocean_menu_typo_font_size_mobile":0,"ocean_menu_typo_font_size_unit":"px","ocean_menu_typo_font_weight":"","ocean_menu_typo_font_weight_tablet":"","ocean_menu_typo_font_weight_mobile":"","ocean_menu_typo_transform":"","ocean_menu_typo_transform_tablet":"","ocean_menu_typo_transform_mobile":"","ocean_menu_typo_line_height":0,"ocean_menu_typo_line_height_tablet":0,"ocean_menu_typo_line_height_mobile":0,"ocean_menu_typo_line_height_unit":"","ocean_menu_typo_spacing":0,"ocean_menu_typo_spacing_tablet":0,"ocean_menu_typo_spacing_mobile":0,"ocean_menu_typo_spacing_unit":"","ocean_menu_link_color":"","ocean_menu_link_color_hover":"","ocean_menu_link_color_active":"","ocean_menu_link_background":"","ocean_menu_link_hover_background":"","ocean_menu_link_active_background":"","ocean_menu_social_links_bg":"","ocean_menu_social_hover_links_bg":"","ocean_menu_social_links_color":"","ocean_menu_social_hover_links_color":"","ocean_disable_title":"default","ocean_disable_heading":"default","ocean_post_title":"","ocean_post_subheading":"","ocean_post_title_style":"","ocean_post_title_background_color":"","ocean_post_title_background":0,"ocean_post_title_bg_image_position":"","ocean_post_title_bg_image_attachment":"","ocean_post_title_bg_image_repeat":"","ocean_post_title_bg_image_size":"","ocean_post_title_height":0,"ocean_post_title_bg_overlay":0.5,"ocean_post_title_bg_overlay_color":"","ocean_disable_breadcrumbs":"default","ocean_breadcrumbs_color":"","ocean_breadcrumbs_separator_color":"","ocean_breadcrumbs_links_color":"","ocean_breadcrumbs_links_hover_color":"","ocean_display_footer_widgets":"default","ocean_display_footer_bottom":"default","ocean_custom_footer_template":"","footnotes":""},"class_list":["post-667","page","type-page","status-publish","hentry","entry"],"rttpg_featured_image_url":null,"rttpg_author":{"display_name":"christian","author_link":"https:\/\/parr78.fr\/Wpress\/author\/christian\/"},"rttpg_comment":0,"rttpg_category":null,"rttpg_excerpt":"Vous pouvez nous envoyer un mail \u00e0 : contact@parr78.fr ou nous \u00e9crire \u00e0 : PARR, P\u00f4le associatif Marie-France Faure, 67 rue Fernand Dreyfus 78120 RAMBOUILLET Vous pouvez \u00e9galement nous envoyer un message -une question, une suggestion&#8230; en\u00a0 utilisant le formulaire ci-dessous. Nous vous r\u00e9pondrons tr\u00e8s rapidement.","_links":{"self":[{"href":"https:\/\/parr78.fr\/Wpress\/wp-json\/wp\/v2\/pages\/667","targetHints":{"allow":["GET"]}}],"collection":[{"href":"https:\/\/parr78.fr\/Wpress\/wp-json\/wp\/v2\/pages"}],"about":[{"href":"https:\/\/parr78.fr\/Wpress\/wp-json\/wp\/v2\/types\/page"}],"author":[{"embeddable":true,"href":"https:\/\/parr78.fr\/Wpress\/wp-json\/wp\/v2\/users\/1"}],"replies":[{"embeddable":true,"href":"https:\/\/parr78.fr\/Wpress\/wp-json\/wp\/v2\/comments?post=667"}],"version-history":[{"count":9,"href":"https:\/\/parr78.fr\/Wpress\/wp-json\/wp\/v2\/pages\/667\/revisions"}],"predecessor-version":[{"id":4314,"href":"https:\/\/parr78.fr\/Wpress\/wp-json\/wp\/v2\/pages\/667\/revisions\/4314"}],"wp:attachment":[{"href":"https:\/\/parr78.fr\/Wpress\/wp-json\/wp\/v2\/media?parent=667"}],"curies":[{"name":"wp","href":"https:\/\/api.w.org\/{rel}","templated":true}]}}