{"id":416,"date":"2018-11-08T15:56:57","date_gmt":"2018-11-08T14:56:57","guid":{"rendered":"http:\/\/parr78.fr\/Wpress\/?page_id=416"},"modified":"2023-07-05T10:21:50","modified_gmt":"2023-07-05T08:21:50","slug":"actualites","status":"publish","type":"page","link":"https:\/\/parr78.fr\/Wpress\/actualites\/","title":{"rendered":"Nos activit\u00e9s"},"content":{"rendered":"\t\t<div data-elementor-type=\"wp-post\" data-elementor-id=\"416\" class=\"elementor elementor-416\">\n\t\t\t\t\t\t<section class=\"elementor-section elementor-top-section elementor-element elementor-element-eb4d482 elementor-section-boxed elementor-section-height-default elementor-section-height-default\" data-id=\"eb4d482\" data-element_type=\"section\" data-e-type=\"section\">\n\t\t\t\t\t\t<div class=\"elementor-container elementor-column-gap-default\">\n\t\t\t\t\t<div class=\"elementor-column elementor-col-100 elementor-top-column elementor-element elementor-element-4b5d931\" data-id=\"4b5d931\" data-element_type=\"column\" data-e-type=\"column\">\n\t\t\t<div class=\"elementor-widget-wrap elementor-element-populated\">\n\t\t\t\t\t\t<div class=\"elementor-element elementor-element-4fe74a0 elementor-widget elementor-widget-text-editor\" data-id=\"4fe74a0\" data-element_type=\"widget\" data-e-type=\"widget\" data-widget_type=\"text-editor.default\">\n\t\t\t\t<div class=\"elementor-widget-container\">\n\t\t\t\t\t\t\t\t\t<p>Nos activit\u00e9s sont multiples, et concernent Rambouillet , mais aussi sa r\u00e9gion.<br \/>En cliquant sur le menu de la colonne de droite, vous en retrouverez le d\u00e9tail, par cat\u00e9gorie<\/p><ul><li><p>articles, \u00e9tudes exhaustives, dossiers divers, consacr\u00e9s \u00e0 Rambouillet sa r\u00e9gion,<\/p><\/li><li><p>visites de monuments et sites d&rsquo;int\u00e9r\u00eat,<\/p><\/li><li><p>conf\u00e9rences,<\/p><\/li><li><p>\u00e9dition et publication de livres<\/p><\/li><li><p>sans oublier quelques autres activit\u00e9s, comme des expositions, participation \u00e0 des manifestations locales etc&#8230;<\/p><\/li><\/ul>\t\t\t\t\t\t\t\t<\/div>\n\t\t\t\t<\/div>\n\t\t\t\t\t<\/div>\n\t\t<\/div>\n\t\t\t\t\t<\/div>\n\t\t<\/section>\n\t\t\t\t<section class=\"elementor-section elementor-top-section elementor-element elementor-element-1702cb2 elementor-section-boxed elementor-section-height-default elementor-section-height-default\" data-id=\"1702cb2\" data-element_type=\"section\" data-e-type=\"section\">\n\t\t\t\t\t\t<div class=\"elementor-container elementor-column-gap-default\">\n\t\t\t\t\t<div class=\"elementor-column elementor-col-100 elementor-top-column elementor-element elementor-element-88714f5\" data-id=\"88714f5\" data-element_type=\"column\" data-e-type=\"column\">\n\t\t\t<div class=\"elementor-widget-wrap elementor-element-populated\">\n\t\t\t\t\t\t<div class=\"elementor-element elementor-element-ee158d5 elementor-widget elementor-widget-text-editor\" data-id=\"ee158d5\" data-element_type=\"widget\" data-e-type=\"widget\" data-widget_type=\"text-editor.default\">\n\t\t\t\t<div class=\"elementor-widget-container\">\n\t\t\t\t\t\t\t\t\t<p>En plus des parutions sur ce site, nous \u00e9ditons chaque ann\u00e9e un bulletin annuel : le <em>PARR&#8230;chemin,<\/em> remis lors de l&rsquo;AG \u00e0 tous nos membres.<\/p><p>Vous pouvez t\u00e9l\u00e9charger ici quelques num\u00e9ros r\u00e9cents ( en cliquant sur l&rsquo;image de couverture ci-dessous). Certains bulletins pr\u00e9c\u00e9dents sont en cours de num\u00e9risation.<\/p>\t\t\t\t\t\t\t\t<\/div>\n\t\t\t\t<\/div>\n\t\t\t\t\t<\/div>\n\t\t<\/div>\n\t\t\t\t\t<\/div>\n\t\t<\/section>\n\t\t\t\t<section class=\"elementor-section elementor-top-section elementor-element elementor-element-389aa60 elementor-section-boxed elementor-section-height-default elementor-section-height-default\" data-id=\"389aa60\" data-element_type=\"section\" data-e-type=\"section\">\n\t\t\t\t\t\t<div class=\"elementor-container elementor-column-gap-default\">\n\t\t\t\t\t<div class=\"elementor-column elementor-col-33 elementor-top-column elementor-element elementor-element-fbe2d82\" data-id=\"fbe2d82\" data-element_type=\"column\" data-e-type=\"column\">\n\t\t\t<div class=\"elementor-widget-wrap elementor-element-populated\">\n\t\t\t\t\t\t<div class=\"elementor-element elementor-element-dacbdab elementor-widget elementor-widget-image\" data-id=\"dacbdab\" data-element_type=\"widget\" data-e-type=\"widget\" data-widget_type=\"image.default\">\n\t\t\t\t<div class=\"elementor-widget-container\">\n\t\t\t\t\t\t\t\t\t\t\t\t<figure class=\"wp-caption\">\n\t\t\t\t\t\t\t\t\t\t\t<a href=\"https:\/\/parr78.fr\/Wpress\/wp-content\/uploads\/2020\/03\/parrchemin18-version-site.pdf\">\n\t\t\t\t\t\t\t<img fetchpriority=\"high\" decoding=\"async\" width=\"718\" height=\"1024\" src=\"https:\/\/parr78.fr\/Wpress\/wp-content\/uploads\/2020\/03\/couverture-718x1024.jpg\" class=\"attachment-large size-large wp-image-1661\" alt=\"\" srcset=\"https:\/\/parr78.fr\/Wpress\/wp-content\/uploads\/2020\/03\/couverture-718x1024.jpg 718w, https:\/\/parr78.fr\/Wpress\/wp-content\/uploads\/2020\/03\/couverture-210x300.jpg 210w, https:\/\/parr78.fr\/Wpress\/wp-content\/uploads\/2020\/03\/couverture-768x1096.jpg 768w, https:\/\/parr78.fr\/Wpress\/wp-content\/uploads\/2020\/03\/couverture.jpg 1436w\" sizes=\"(max-width: 718px) 100vw, 718px\" \/>\t\t\t\t\t\t\t\t<\/a>\n\t\t\t\t\t\t\t\t\t\t\t<figcaption class=\"widget-image-caption wp-caption-text\">N\u00b018- ann\u00e9e 2019<\/figcaption>\n\t\t\t\t\t\t\t\t\t\t<\/figure>\n\t\t\t\t\t\t\t\t\t<\/div>\n\t\t\t\t<\/div>\n\t\t\t\t\t<\/div>\n\t\t<\/div>\n\t\t\t\t<div class=\"elementor-column elementor-col-33 elementor-top-column elementor-element elementor-element-b8cd525\" data-id=\"b8cd525\" data-element_type=\"column\" data-e-type=\"column\">\n\t\t\t<div class=\"elementor-widget-wrap elementor-element-populated\">\n\t\t\t\t\t\t<div class=\"elementor-element elementor-element-85385e3 elementor-widget elementor-widget-image\" data-id=\"85385e3\" data-element_type=\"widget\" data-e-type=\"widget\" data-widget_type=\"image.default\">\n\t\t\t\t<div class=\"elementor-widget-container\">\n\t\t\t\t\t\t\t\t\t\t\t\t<figure class=\"wp-caption\">\n\t\t\t\t\t\t\t\t\t\t\t<a href=\"https:\/\/parr78.fr\/Wpress\/wp-content\/uploads\/2020\/03\/echo-17.pdf\">\n\t\t\t\t\t\t\t<img decoding=\"async\" width=\"759\" height=\"1024\" data-src=\"https:\/\/parr78.fr\/Wpress\/wp-content\/uploads\/2020\/03\/Image1-759x1024.png\" class=\"attachment-large size-large wp-image-1662 lazyload\" alt=\"\" data-srcset=\"https:\/\/parr78.fr\/Wpress\/wp-content\/uploads\/2020\/03\/Image1-759x1024.png 759w, https:\/\/parr78.fr\/Wpress\/wp-content\/uploads\/2020\/03\/Image1-222x300.png 222w, https:\/\/parr78.fr\/Wpress\/wp-content\/uploads\/2020\/03\/Image1-768x1036.png 768w, https:\/\/parr78.fr\/Wpress\/wp-content\/uploads\/2020\/03\/Image1.png 780w\" data-sizes=\"(max-width: 759px) 100vw, 759px\" src=\"data:image\/svg+xml;base64,PHN2ZyB3aWR0aD0iMSIgaGVpZ2h0PSIxIiB4bWxucz0iaHR0cDovL3d3dy53My5vcmcvMjAwMC9zdmciPjwvc3ZnPg==\" style=\"--smush-placeholder-width: 759px; --smush-placeholder-aspect-ratio: 759\/1024;\" \/>\t\t\t\t\t\t\t\t<\/a>\n\t\t\t\t\t\t\t\t\t\t\t<figcaption class=\"widget-image-caption wp-caption-text\">N\u00b017 - ann\u00e9e 2018<\/figcaption>\n\t\t\t\t\t\t\t\t\t\t<\/figure>\n\t\t\t\t\t\t\t\t\t<\/div>\n\t\t\t\t<\/div>\n\t\t\t\t\t<\/div>\n\t\t<\/div>\n\t\t\t\t<div class=\"elementor-column elementor-col-33 elementor-top-column elementor-element elementor-element-aff85f2\" data-id=\"aff85f2\" data-element_type=\"column\" data-e-type=\"column\">\n\t\t\t<div class=\"elementor-widget-wrap elementor-element-populated\">\n\t\t\t\t\t\t\t<\/div>\n\t\t<\/div>\n\t\t\t\t\t<\/div>\n\t\t<\/section>\n\t\t\t\t<section class=\"elementor-section elementor-top-section elementor-element elementor-element-ae71fb2 elementor-section-boxed elementor-section-height-default elementor-section-height-default\" data-id=\"ae71fb2\" data-element_type=\"section\" data-e-type=\"section\">\n\t\t\t\t\t\t<div class=\"elementor-container elementor-column-gap-default\">\n\t\t\t\t\t<div class=\"elementor-column elementor-col-100 elementor-top-column elementor-element elementor-element-7ad6fee\" data-id=\"7ad6fee\" data-element_type=\"column\" data-e-type=\"column\">\n\t\t\t<div class=\"elementor-widget-wrap elementor-element-populated\">\n\t\t\t\t\t\t\t<\/div>\n\t\t<\/div>\n\t\t\t\t\t<\/div>\n\t\t<\/section>\n\t\t\t\t<section class=\"elementor-section elementor-top-section elementor-element elementor-element-d69cf2f elementor-section-boxed elementor-section-height-default elementor-section-height-default\" data-id=\"d69cf2f\" data-element_type=\"section\" data-e-type=\"section\">\n\t\t\t\t\t\t<div class=\"elementor-container elementor-column-gap-default\">\n\t\t\t\t\t<div class=\"elementor-column elementor-col-100 elementor-top-column elementor-element elementor-element-cbd1541\" data-id=\"cbd1541\" data-element_type=\"column\" data-e-type=\"column\">\n\t\t\t<div class=\"elementor-widget-wrap\">\n\t\t\t\t\t\t\t<\/div>\n\t\t<\/div>\n\t\t\t\t\t<\/div>\n\t\t<\/section>\n\t\t\t\t<\/div>\n\t\t","protected":false},"excerpt":{"rendered":"<p>Nos activit\u00e9s sont multiples, et concernent Rambouillet , mais aussi sa r\u00e9gion.En cliquant sur le menu de la colonne de droite, vous en retrouverez le d\u00e9tail, par cat\u00e9gorie articles, \u00e9tudes exhaustives, dossiers divers, consacr\u00e9s \u00e0 Rambouillet sa r\u00e9gion, visites de monuments et sites d&rsquo;int\u00e9r\u00eat, conf\u00e9rences, \u00e9dition et publication de livres sans oublier quelques autres activit\u00e9s, [&hellip;]<\/p>\n","protected":false},"author":1,"featured_media":0,"parent":0,"menu_order":0,"comment_status":"closed","ping_status":"closed","template":"","meta":{"ocean_post_layout":"","ocean_both_sidebars_style":"","ocean_both_sidebars_content_width":0,"ocean_both_sidebars_sidebars_width":0,"ocean_sidebar":"0","ocean_second_sidebar":"0","ocean_disable_margins":"enable","ocean_add_body_class":"","ocean_shortcode_before_top_bar":"","ocean_shortcode_after_top_bar":"","ocean_shortcode_before_header":"","ocean_shortcode_after_header":"","ocean_has_shortcode":"","ocean_shortcode_after_title":"","ocean_shortcode_before_footer_widgets":"","ocean_shortcode_after_footer_widgets":"","ocean_shortcode_before_footer_bottom":"","ocean_shortcode_after_footer_bottom":"","ocean_display_top_bar":"default","ocean_display_header":"default","ocean_header_style":"","ocean_center_header_left_menu":"0","ocean_custom_header_template":"0","ocean_custom_logo":0,"ocean_custom_retina_logo":0,"ocean_custom_logo_max_width":0,"ocean_custom_logo_tablet_max_width":0,"ocean_custom_logo_mobile_max_width":0,"ocean_custom_logo_max_height":0,"ocean_custom_logo_tablet_max_height":0,"ocean_custom_logo_mobile_max_height":0,"ocean_header_custom_menu":"0","ocean_menu_typo_font_family":"0","ocean_menu_typo_font_subset":"","ocean_menu_typo_font_size":0,"ocean_menu_typo_font_size_tablet":0,"ocean_menu_typo_font_size_mobile":0,"ocean_menu_typo_font_size_unit":"px","ocean_menu_typo_font_weight":"","ocean_menu_typo_font_weight_tablet":"","ocean_menu_typo_font_weight_mobile":"","ocean_menu_typo_transform":"","ocean_menu_typo_transform_tablet":"","ocean_menu_typo_transform_mobile":"","ocean_menu_typo_line_height":0,"ocean_menu_typo_line_height_tablet":0,"ocean_menu_typo_line_height_mobile":0,"ocean_menu_typo_line_height_unit":"","ocean_menu_typo_spacing":0,"ocean_menu_typo_spacing_tablet":0,"ocean_menu_typo_spacing_mobile":0,"ocean_menu_typo_spacing_unit":"","ocean_menu_link_color":"","ocean_menu_link_color_hover":"","ocean_menu_link_color_active":"","ocean_menu_link_background":"","ocean_menu_link_hover_background":"","ocean_menu_link_active_background":"","ocean_menu_social_links_bg":"","ocean_menu_social_hover_links_bg":"","ocean_menu_social_links_color":"","ocean_menu_social_hover_links_color":"","ocean_disable_title":"default","ocean_disable_heading":"default","ocean_post_title":"","ocean_post_subheading":"","ocean_post_title_style":"","ocean_post_title_background_color":"","ocean_post_title_background":0,"ocean_post_title_bg_image_position":"","ocean_post_title_bg_image_attachment":"","ocean_post_title_bg_image_repeat":"","ocean_post_title_bg_image_size":"","ocean_post_title_height":0,"ocean_post_title_bg_overlay":0.5,"ocean_post_title_bg_overlay_color":"","ocean_disable_breadcrumbs":"default","ocean_breadcrumbs_color":"","ocean_breadcrumbs_separator_color":"","ocean_breadcrumbs_links_color":"","ocean_breadcrumbs_links_hover_color":"","ocean_display_footer_widgets":"default","ocean_display_footer_bottom":"default","ocean_custom_footer_template":"0","footnotes":""},"class_list":["post-416","page","type-page","status-publish","hentry","entry"],"rttpg_featured_image_url":null,"rttpg_author":{"display_name":"christian","author_link":"https:\/\/parr78.fr\/Wpress\/author\/christian\/"},"rttpg_comment":0,"rttpg_category":null,"rttpg_excerpt":"Nos activit\u00e9s sont multiples, et concernent Rambouillet , mais aussi sa r\u00e9gion.En cliquant sur le menu de la colonne de droite, vous en retrouverez le d\u00e9tail, par cat\u00e9gorie articles, \u00e9tudes exhaustives, dossiers divers, consacr\u00e9s \u00e0 Rambouillet sa r\u00e9gion, visites de monuments et sites d&rsquo;int\u00e9r\u00eat, conf\u00e9rences, \u00e9dition et publication de livres sans oublier quelques autres activit\u00e9s,\u2026","_links":{"self":[{"href":"https:\/\/parr78.fr\/Wpress\/wp-json\/wp\/v2\/pages\/416","targetHints":{"allow":["GET"]}}],"collection":[{"href":"https:\/\/parr78.fr\/Wpress\/wp-json\/wp\/v2\/pages"}],"about":[{"href":"https:\/\/parr78.fr\/Wpress\/wp-json\/wp\/v2\/types\/page"}],"author":[{"embeddable":true,"href":"https:\/\/parr78.fr\/Wpress\/wp-json\/wp\/v2\/users\/1"}],"replies":[{"embeddable":true,"href":"https:\/\/parr78.fr\/Wpress\/wp-json\/wp\/v2\/comments?post=416"}],"version-history":[{"count":82,"href":"https:\/\/parr78.fr\/Wpress\/wp-json\/wp\/v2\/pages\/416\/revisions"}],"predecessor-version":[{"id":3558,"href":"https:\/\/parr78.fr\/Wpress\/wp-json\/wp\/v2\/pages\/416\/revisions\/3558"}],"wp:attachment":[{"href":"https:\/\/parr78.fr\/Wpress\/wp-json\/wp\/v2\/media?parent=416"}],"curies":[{"name":"wp","href":"https:\/\/api.w.org\/{rel}","templated":true}]}}