{"id":2204,"date":"2020-06-01T09:57:06","date_gmt":"2020-06-01T07:57:06","guid":{"rendered":"https:\/\/parr78.fr\/Wpress\/?page_id=2204"},"modified":"2026-04-11T14:25:53","modified_gmt":"2026-04-11T12:25:53","slug":"temoignages","status":"publish","type":"page","link":"https:\/\/parr78.fr\/Wpress\/temoignages\/","title":{"rendered":"T\u00e9moignages"},"content":{"rendered":"\t\t<div data-elementor-type=\"wp-page\" data-elementor-id=\"2204\" class=\"elementor elementor-2204\">\n\t\t\t\t\t\t<section class=\"elementor-section elementor-top-section elementor-element elementor-element-45ac22c elementor-section-boxed elementor-section-height-default elementor-section-height-default\" data-id=\"45ac22c\" data-element_type=\"section\" data-e-type=\"section\">\n\t\t\t\t\t\t<div class=\"elementor-container elementor-column-gap-default\">\n\t\t\t\t\t<div class=\"elementor-column elementor-col-100 elementor-top-column elementor-element elementor-element-834304b\" data-id=\"834304b\" data-element_type=\"column\" data-e-type=\"column\">\n\t\t\t<div class=\"elementor-widget-wrap elementor-element-populated\">\n\t\t\t\t\t\t<div class=\"elementor-element elementor-element-e37e9c0 elementor-widget elementor-widget-text-editor\" data-id=\"e37e9c0\" data-element_type=\"widget\" data-e-type=\"widget\" data-widget_type=\"text-editor.default\">\n\t\t\t\t<div class=\"elementor-widget-container\">\n\t\t\t\t\t\t\t\t\t<h2><strong>Prochaines conf\u00e9rences ou sorties.<\/strong><\/h2><p style=\"text-align: center;\">&#8212;&#8212;&#8212;&#8212;&#8212;&#8212;&#8212;&#8212;&#8211;<\/p><h2 style=\"text-align: center;\"><strong>Visite de la station d&rsquo;\u00e9puration de Gazeran.<\/strong><\/h2><p class=\"NoSpacing\" style=\"text-align: center;\" align=\"center\"><b><span style=\"font-size: 18.0pt; font-family: 'Aptos Slab Light';\">LE MERCREDI 22 AVRIL 2026. La visite d\u00e9butera \u00e0 14h00.<\/span><\/b><\/p><p class=\"NoSpacing\"><span style=\"font-size: 12.0pt;\">A retourner \u00e0 Marc ROBERT, 23 rue Cl\u00e9ment Ader \u00e0 Rambouillet<\/span><\/p><p class=\"NoSpacing\"><span style=\"font-size: 12.0pt;\">\u00a0J<\/span><span style=\"font-size: 12.0pt;\">E M\u2019INSCRIS pour le mercredi 22 avril 2026 (rendez-vous sur place \u2013 parking accessible, <u>privil\u00e9gier le covoiturage<\/u>)<\/span><\/p><p class=\"NoSpacing\"><span style=\"font-size: 12.0pt;\">\u00a0<\/span><span style=\"font-size: 12.0pt;\">NOM \u2026\u2026\u2026\u2026\u2026\u2026\u2026\u2026\u2026\u2026\u2026\u2026\u2026\u2026\u2026\u2026\u2026\u2026\u2026\u2026.. PRENOM \u2026\u2026\u2026\u2026\u2026\u2026\u2026\u2026\u2026\u2026\u2026\u2026\u2026\u2026\u2026<\/span><\/p><p class=\"NoSpacing\"><span style=\"font-size: 12.0pt;\">\u00a0<\/span><span style=\"font-size: 12.0pt;\">ADRESSE \u2026\u2026\u2026\u2026\u2026\u2026\u2026\u2026\u2026\u2026\u2026\u2026\u2026\u2026\u2026\u2026\u2026\u2026\u2026\u2026\u2026\u2026\u2026\u2026\u2026\u2026\u2026\u2026\u2026\u2026\u2026\u2026\u2026\u2026\u2026\u2026\u2026\u2026..<\/span><\/p><p class=\"NoSpacing\"><span style=\"font-size: 12.0pt;\">\u00a0<\/span><span style=\"font-size: 12.0pt;\">TELEPHONE PORTABLE (obligatoire)\u00a0:\u2026\u2026\u2026\u2026\u2026\u2026\u2026\u2026\u2026\u2026\u2026\u2026..<\/span><\/p><p align=\"center\">\u00a0<\/p>\t\t\t\t\t\t\t\t<\/div>\n\t\t\t\t<\/div>\n\t\t\t\t\t<\/div>\n\t\t<\/div>\n\t\t\t\t\t<\/div>\n\t\t<\/section>\n\t\t\t\t<\/div>\n\t\t","protected":false},"excerpt":{"rendered":"<p>Prochaines conf\u00e9rences ou sorties. &#8212;&#8212;&#8212;&#8212;&#8212;&#8212;&#8212;&#8212;&#8211; Visite de la station d&rsquo;\u00e9puration de Gazeran. LE MERCREDI 22 AVRIL 2026. La visite d\u00e9butera \u00e0 14h00. A retourner \u00e0 Marc ROBERT, 23 rue Cl\u00e9ment Ader \u00e0 Rambouillet \u00a0JE M\u2019INSCRIS pour le mercredi 22 avril 2026 (rendez-vous sur place \u2013 parking accessible, privil\u00e9gier le covoiturage) \u00a0NOM \u2026\u2026\u2026\u2026\u2026\u2026\u2026\u2026\u2026\u2026\u2026\u2026\u2026\u2026\u2026\u2026\u2026\u2026\u2026\u2026.. PRENOM \u2026\u2026\u2026\u2026\u2026\u2026\u2026\u2026\u2026\u2026\u2026\u2026\u2026\u2026\u2026 \u00a0ADRESSE [&hellip;]<\/p>\n","protected":false},"author":1,"featured_media":0,"parent":0,"menu_order":0,"comment_status":"closed","ping_status":"closed","template":"","meta":{"ocean_post_layout":"","ocean_both_sidebars_style":"","ocean_both_sidebars_content_width":0,"ocean_both_sidebars_sidebars_width":0,"ocean_sidebar":"0","ocean_second_sidebar":"0","ocean_disable_margins":"enable","ocean_add_body_class":"","ocean_shortcode_before_top_bar":"","ocean_shortcode_after_top_bar":"","ocean_shortcode_before_header":"","ocean_shortcode_after_header":"","ocean_has_shortcode":"","ocean_shortcode_after_title":"","ocean_shortcode_before_footer_widgets":"","ocean_shortcode_after_footer_widgets":"","ocean_shortcode_before_footer_bottom":"","ocean_shortcode_after_footer_bottom":"","ocean_display_top_bar":"default","ocean_display_header":"default","ocean_header_style":"","ocean_center_header_left_menu":"0","ocean_custom_header_template":"0","ocean_custom_logo":0,"ocean_custom_retina_logo":0,"ocean_custom_logo_max_width":0,"ocean_custom_logo_tablet_max_width":0,"ocean_custom_logo_mobile_max_width":0,"ocean_custom_logo_max_height":0,"ocean_custom_logo_tablet_max_height":0,"ocean_custom_logo_mobile_max_height":0,"ocean_header_custom_menu":"0","ocean_menu_typo_font_family":"0","ocean_menu_typo_font_subset":"","ocean_menu_typo_font_size":0,"ocean_menu_typo_font_size_tablet":0,"ocean_menu_typo_font_size_mobile":0,"ocean_menu_typo_font_size_unit":"px","ocean_menu_typo_font_weight":"","ocean_menu_typo_font_weight_tablet":"","ocean_menu_typo_font_weight_mobile":"","ocean_menu_typo_transform":"","ocean_menu_typo_transform_tablet":"","ocean_menu_typo_transform_mobile":"","ocean_menu_typo_line_height":0,"ocean_menu_typo_line_height_tablet":0,"ocean_menu_typo_line_height_mobile":0,"ocean_menu_typo_line_height_unit":"","ocean_menu_typo_spacing":0,"ocean_menu_typo_spacing_tablet":0,"ocean_menu_typo_spacing_mobile":0,"ocean_menu_typo_spacing_unit":"","ocean_menu_link_color":"","ocean_menu_link_color_hover":"","ocean_menu_link_color_active":"","ocean_menu_link_background":"","ocean_menu_link_hover_background":"","ocean_menu_link_active_background":"","ocean_menu_social_links_bg":"","ocean_menu_social_hover_links_bg":"","ocean_menu_social_links_color":"","ocean_menu_social_hover_links_color":"","ocean_disable_title":"default","ocean_disable_heading":"default","ocean_post_title":"","ocean_post_subheading":"","ocean_post_title_style":"","ocean_post_title_background_color":"","ocean_post_title_background":0,"ocean_post_title_bg_image_position":"","ocean_post_title_bg_image_attachment":"","ocean_post_title_bg_image_repeat":"","ocean_post_title_bg_image_size":"","ocean_post_title_height":0,"ocean_post_title_bg_overlay":0.5,"ocean_post_title_bg_overlay_color":"","ocean_disable_breadcrumbs":"default","ocean_breadcrumbs_color":"","ocean_breadcrumbs_separator_color":"","ocean_breadcrumbs_links_color":"","ocean_breadcrumbs_links_hover_color":"","ocean_display_footer_widgets":"default","ocean_display_footer_bottom":"default","ocean_custom_footer_template":"0","footnotes":""},"class_list":["post-2204","page","type-page","status-publish","hentry","entry"],"rttpg_featured_image_url":null,"rttpg_author":{"display_name":"christian","author_link":"https:\/\/parr78.fr\/Wpress\/author\/christian\/"},"rttpg_comment":0,"rttpg_category":null,"rttpg_excerpt":"Prochaines conf\u00e9rences ou sorties. &#8212;&#8212;&#8212;&#8212;&#8212;&#8212;&#8212;&#8212;&#8211; Visite de la station d&rsquo;\u00e9puration de Gazeran. LE MERCREDI 22 AVRIL 2026. La visite d\u00e9butera \u00e0 14h00. A retourner \u00e0 Marc ROBERT, 23 rue Cl\u00e9ment Ader \u00e0 Rambouillet \u00a0JE M\u2019INSCRIS pour le mercredi 22 avril 2026 (rendez-vous sur place \u2013 parking accessible, privil\u00e9gier le covoiturage) \u00a0NOM \u2026\u2026\u2026\u2026\u2026\u2026\u2026\u2026\u2026\u2026\u2026\u2026\u2026\u2026\u2026\u2026\u2026\u2026\u2026\u2026.. PRENOM \u2026\u2026\u2026\u2026\u2026\u2026\u2026\u2026\u2026\u2026\u2026\u2026\u2026\u2026\u2026 \u00a0ADRESSE\u2026","_links":{"self":[{"href":"https:\/\/parr78.fr\/Wpress\/wp-json\/wp\/v2\/pages\/2204","targetHints":{"allow":["GET"]}}],"collection":[{"href":"https:\/\/parr78.fr\/Wpress\/wp-json\/wp\/v2\/pages"}],"about":[{"href":"https:\/\/parr78.fr\/Wpress\/wp-json\/wp\/v2\/types\/page"}],"author":[{"embeddable":true,"href":"https:\/\/parr78.fr\/Wpress\/wp-json\/wp\/v2\/users\/1"}],"replies":[{"embeddable":true,"href":"https:\/\/parr78.fr\/Wpress\/wp-json\/wp\/v2\/comments?post=2204"}],"version-history":[{"count":146,"href":"https:\/\/parr78.fr\/Wpress\/wp-json\/wp\/v2\/pages\/2204\/revisions"}],"predecessor-version":[{"id":4516,"href":"https:\/\/parr78.fr\/Wpress\/wp-json\/wp\/v2\/pages\/2204\/revisions\/4516"}],"wp:attachment":[{"href":"https:\/\/parr78.fr\/Wpress\/wp-json\/wp\/v2\/media?parent=2204"}],"curies":[{"name":"wp","href":"https:\/\/api.w.org\/{rel}","templated":true}]}}