{"id":180,"date":"2018-11-07T16:48:08","date_gmt":"2018-11-07T15:48:08","guid":{"rendered":"http:\/\/parr78.fr\/Wpress\/?page_id=180"},"modified":"2023-04-25T16:11:04","modified_gmt":"2023-04-25T14:11:04","slug":"rambouillet-numerique","status":"publish","type":"page","link":"https:\/\/parr78.fr\/Wpress\/rambouillet-numerique\/","title":{"rendered":"Rambouillet num\u00e9rique"},"content":{"rendered":"\t\t<div data-elementor-type=\"wp-post\" data-elementor-id=\"180\" class=\"elementor elementor-180\">\n\t\t\t\t\t\t<section class=\"elementor-section elementor-top-section elementor-element elementor-element-693a4f0 elementor-section-boxed elementor-section-height-default elementor-section-height-default\" data-id=\"693a4f0\" data-element_type=\"section\" data-e-type=\"section\">\n\t\t\t\t\t\t<div class=\"elementor-container elementor-column-gap-default\">\n\t\t\t\t\t<div class=\"elementor-column elementor-col-100 elementor-top-column elementor-element elementor-element-214f59a\" data-id=\"214f59a\" data-element_type=\"column\" data-e-type=\"column\">\n\t\t\t<div class=\"elementor-widget-wrap elementor-element-populated\">\n\t\t\t\t\t\t<div class=\"elementor-element elementor-element-d611eb8 elementor-widget elementor-widget-heading\" data-id=\"d611eb8\" data-element_type=\"widget\" data-e-type=\"widget\" data-widget_type=\"heading.default\">\n\t\t\t\t<div class=\"elementor-widget-container\">\n\t\t\t\t\t<h2 class=\"elementor-heading-title elementor-size-default\">Nous vous proposons deux cartes Google : celle du patrimoine de Rambouillet,(accessible sur le site yveline.org)  et celle des bornes armori\u00e9es de la for\u00eat de Rambouillet. <\/h2>\t\t\t\t<\/div>\n\t\t\t\t<\/div>\n\t\t\t\t<div class=\"elementor-element elementor-element-7620c1f elementor-widget elementor-widget-image\" data-id=\"7620c1f\" data-element_type=\"widget\" data-e-type=\"widget\" data-widget_type=\"image.default\">\n\t\t\t\t<div class=\"elementor-widget-container\">\n\t\t\t\t\t\t\t\t\t\t\t\t\t\t\t\t<a href=\"https:\/\/yveline.org\/la-seine-et-oise-en-cartes-postales\/\">\n\t\t\t\t\t\t\t<img fetchpriority=\"high\" decoding=\"async\" width=\"1024\" height=\"429\" src=\"https:\/\/parr78.fr\/Wpress\/wp-content\/uploads\/2021\/03\/carte-num\u00e9rique-1024x429.jpg\" class=\"attachment-large size-large wp-image-2555\" alt=\"\" srcset=\"https:\/\/parr78.fr\/Wpress\/wp-content\/uploads\/2021\/03\/carte-num\u00e9rique-1024x429.jpg 1024w, https:\/\/parr78.fr\/Wpress\/wp-content\/uploads\/2021\/03\/carte-num\u00e9rique-300x126.jpg 300w, https:\/\/parr78.fr\/Wpress\/wp-content\/uploads\/2021\/03\/carte-num\u00e9rique-768x321.jpg 768w, https:\/\/parr78.fr\/Wpress\/wp-content\/uploads\/2021\/03\/carte-num\u00e9rique.jpg 1240w\" sizes=\"(max-width: 1024px) 100vw, 1024px\" \/>\t\t\t\t\t\t\t\t<\/a>\n\t\t\t\t\t\t\t\t\t\t\t\t\t\t\t<\/div>\n\t\t\t\t<\/div>\n\t\t\t\t\t<\/div>\n\t\t<\/div>\n\t\t\t\t\t<\/div>\n\t\t<\/section>\n\t\t\t\t<section class=\"elementor-section elementor-top-section elementor-element elementor-element-6144a8a elementor-section-boxed elementor-section-height-default elementor-section-height-default\" data-id=\"6144a8a\" data-element_type=\"section\" data-e-type=\"section\">\n\t\t\t\t\t\t<div class=\"elementor-container elementor-column-gap-default\">\n\t\t\t\t\t<div class=\"elementor-column elementor-col-100 elementor-top-column elementor-element elementor-element-0a4dacb\" data-id=\"0a4dacb\" data-element_type=\"column\" data-e-type=\"column\">\n\t\t\t<div class=\"elementor-widget-wrap elementor-element-populated\">\n\t\t\t\t\t\t<div class=\"elementor-element elementor-element-8daabfe elementor-widget elementor-widget-text-editor\" data-id=\"8daabfe\" data-element_type=\"widget\" data-e-type=\"widget\" data-widget_type=\"text-editor.default\">\n\t\t\t\t<div class=\"elementor-widget-container\">\n\t\t\t\t\t\t\t\t\t<iframe data-src=\"https:\/\/www.google.com\/maps\/d\/embed?mid=1VBqXJEPoZSB_NNcn8DxZseUbz4wEwz4d\" width=\"640\" height=\"480\" src=\"data:image\/svg+xml;base64,PHN2ZyB3aWR0aD0iMSIgaGVpZ2h0PSIxIiB4bWxucz0iaHR0cDovL3d3dy53My5vcmcvMjAwMC9zdmciPjwvc3ZnPg==\" class=\"lazyload\" data-load-mode=\"1\"><\/iframe>\t\t\t\t\t\t\t\t<\/div>\n\t\t\t\t<\/div>\n\t\t\t\t\t<\/div>\n\t\t<\/div>\n\t\t\t\t\t<\/div>\n\t\t<\/section>\n\t\t\t\t<section class=\"elementor-section elementor-top-section elementor-element elementor-element-3d88a31 elementor-section-boxed elementor-section-height-default elementor-section-height-default\" data-id=\"3d88a31\" data-element_type=\"section\" data-e-type=\"section\">\n\t\t\t\t\t\t<div class=\"elementor-container elementor-column-gap-default\">\n\t\t\t\t\t<div class=\"elementor-column elementor-col-100 elementor-top-column elementor-element elementor-element-0b6814f\" data-id=\"0b6814f\" data-element_type=\"column\" data-e-type=\"column\">\n\t\t\t<div class=\"elementor-widget-wrap elementor-element-populated\">\n\t\t\t\t\t\t<div class=\"elementor-element elementor-element-1b1228d elementor-widget elementor-widget-text-editor\" data-id=\"1b1228d\" data-element_type=\"widget\" data-e-type=\"widget\" data-widget_type=\"text-editor.default\">\n\t\t\t\t<div class=\"elementor-widget-container\">\n\t\t\t\t\t\t\t\t\t<h2><em>Bonne visite ! Si cette application vous pla\u00eet, faites la conna\u00eetre &#8230;<\/em><\/h2>\t\t\t\t\t\t\t\t<\/div>\n\t\t\t\t<\/div>\n\t\t\t\t\t<\/div>\n\t\t<\/div>\n\t\t\t\t\t<\/div>\n\t\t<\/section>\n\t\t\t\t<\/div>\n\t\t","protected":false},"excerpt":{"rendered":"<p>Nous vous proposons deux cartes Google : celle du patrimoine de Rambouillet,(accessible sur le site yveline.org) et celle des bornes armori\u00e9es de la for\u00eat de Rambouillet. Bonne visite ! Si cette application vous pla\u00eet, faites la conna\u00eetre &#8230;<\/p>\n","protected":false},"author":1,"featured_media":1868,"parent":0,"menu_order":0,"comment_status":"closed","ping_status":"closed","template":"","meta":{"ocean_post_layout":"full-screen","ocean_both_sidebars_style":"","ocean_both_sidebars_content_width":0,"ocean_both_sidebars_sidebars_width":0,"ocean_sidebar":"0","ocean_second_sidebar":"0","ocean_disable_margins":"enable","ocean_add_body_class":"","ocean_shortcode_before_top_bar":"","ocean_shortcode_after_top_bar":"","ocean_shortcode_before_header":"","ocean_shortcode_after_header":"","ocean_has_shortcode":"","ocean_shortcode_after_title":"","ocean_shortcode_before_footer_widgets":"","ocean_shortcode_after_footer_widgets":"","ocean_shortcode_before_footer_bottom":"","ocean_shortcode_after_footer_bottom":"","ocean_display_top_bar":"default","ocean_display_header":"default","ocean_header_style":"","ocean_center_header_left_menu":"0","ocean_custom_header_template":"0","ocean_custom_logo":0,"ocean_custom_retina_logo":0,"ocean_custom_logo_max_width":0,"ocean_custom_logo_tablet_max_width":0,"ocean_custom_logo_mobile_max_width":0,"ocean_custom_logo_max_height":0,"ocean_custom_logo_tablet_max_height":0,"ocean_custom_logo_mobile_max_height":0,"ocean_header_custom_menu":"0","ocean_menu_typo_font_family":"0","ocean_menu_typo_font_subset":"","ocean_menu_typo_font_size":0,"ocean_menu_typo_font_size_tablet":0,"ocean_menu_typo_font_size_mobile":0,"ocean_menu_typo_font_size_unit":"px","ocean_menu_typo_font_weight":"","ocean_menu_typo_font_weight_tablet":"","ocean_menu_typo_font_weight_mobile":"","ocean_menu_typo_transform":"","ocean_menu_typo_transform_tablet":"","ocean_menu_typo_transform_mobile":"","ocean_menu_typo_line_height":0,"ocean_menu_typo_line_height_tablet":0,"ocean_menu_typo_line_height_mobile":0,"ocean_menu_typo_line_height_unit":"","ocean_menu_typo_spacing":0,"ocean_menu_typo_spacing_tablet":0,"ocean_menu_typo_spacing_mobile":0,"ocean_menu_typo_spacing_unit":"","ocean_menu_link_color":"","ocean_menu_link_color_hover":"","ocean_menu_link_color_active":"","ocean_menu_link_background":"","ocean_menu_link_hover_background":"","ocean_menu_link_active_background":"","ocean_menu_social_links_bg":"","ocean_menu_social_hover_links_bg":"","ocean_menu_social_links_color":"","ocean_menu_social_hover_links_color":"","ocean_disable_title":"default","ocean_disable_heading":"default","ocean_post_title":"","ocean_post_subheading":"","ocean_post_title_style":"","ocean_post_title_background_color":"","ocean_post_title_background":0,"ocean_post_title_bg_image_position":"","ocean_post_title_bg_image_attachment":"","ocean_post_title_bg_image_repeat":"","ocean_post_title_bg_image_size":"","ocean_post_title_height":0,"ocean_post_title_bg_overlay":0.5,"ocean_post_title_bg_overlay_color":"","ocean_disable_breadcrumbs":"default","ocean_breadcrumbs_color":"","ocean_breadcrumbs_separator_color":"","ocean_breadcrumbs_links_color":"","ocean_breadcrumbs_links_hover_color":"","ocean_display_footer_widgets":"default","ocean_display_footer_bottom":"default","ocean_custom_footer_template":"0","footnotes":""},"class_list":["post-180","page","type-page","status-publish","has-post-thumbnail","hentry","entry","has-media"],"rttpg_featured_image_url":{"full":["https:\/\/parr78.fr\/Wpress\/wp-content\/uploads\/2020\/04\/carteRbt.jpg",788,504,false],"landscape":["https:\/\/parr78.fr\/Wpress\/wp-content\/uploads\/2020\/04\/carteRbt.jpg",788,504,false],"portraits":["https:\/\/parr78.fr\/Wpress\/wp-content\/uploads\/2020\/04\/carteRbt.jpg",788,504,false],"thumbnail":["https:\/\/parr78.fr\/Wpress\/wp-content\/uploads\/2020\/04\/carteRbt-150x150.jpg",150,150,true],"medium":["https:\/\/parr78.fr\/Wpress\/wp-content\/uploads\/2020\/04\/carteRbt-300x192.jpg",300,192,true],"large":["https:\/\/parr78.fr\/Wpress\/wp-content\/uploads\/2020\/04\/carteRbt.jpg",788,504,false],"1536x1536":["https:\/\/parr78.fr\/Wpress\/wp-content\/uploads\/2020\/04\/carteRbt.jpg",788,504,false],"2048x2048":["https:\/\/parr78.fr\/Wpress\/wp-content\/uploads\/2020\/04\/carteRbt.jpg",788,504,false],"ocean-thumb-m":["https:\/\/parr78.fr\/Wpress\/wp-content\/uploads\/2020\/04\/carteRbt.jpg",600,384,false],"ocean-thumb-ml":["https:\/\/parr78.fr\/Wpress\/wp-content\/uploads\/2020\/04\/carteRbt.jpg",704,450,false],"ocean-thumb-l":["https:\/\/parr78.fr\/Wpress\/wp-content\/uploads\/2020\/04\/carteRbt.jpg",788,504,false]},"rttpg_author":{"display_name":"christian","author_link":"https:\/\/parr78.fr\/Wpress\/author\/christian\/"},"rttpg_comment":0,"rttpg_category":null,"rttpg_excerpt":"Nous vous proposons deux cartes Google : celle du patrimoine de Rambouillet,(accessible sur le site yveline.org) et celle des bornes armori\u00e9es de la for\u00eat de Rambouillet. Bonne visite ! Si cette application vous pla\u00eet, faites la conna\u00eetre &#8230;","_links":{"self":[{"href":"https:\/\/parr78.fr\/Wpress\/wp-json\/wp\/v2\/pages\/180","targetHints":{"allow":["GET"]}}],"collection":[{"href":"https:\/\/parr78.fr\/Wpress\/wp-json\/wp\/v2\/pages"}],"about":[{"href":"https:\/\/parr78.fr\/Wpress\/wp-json\/wp\/v2\/types\/page"}],"author":[{"embeddable":true,"href":"https:\/\/parr78.fr\/Wpress\/wp-json\/wp\/v2\/users\/1"}],"replies":[{"embeddable":true,"href":"https:\/\/parr78.fr\/Wpress\/wp-json\/wp\/v2\/comments?post=180"}],"version-history":[{"count":35,"href":"https:\/\/parr78.fr\/Wpress\/wp-json\/wp\/v2\/pages\/180\/revisions"}],"predecessor-version":[{"id":3296,"href":"https:\/\/parr78.fr\/Wpress\/wp-json\/wp\/v2\/pages\/180\/revisions\/3296"}],"wp:featuredmedia":[{"embeddable":true,"href":"https:\/\/parr78.fr\/Wpress\/wp-json\/wp\/v2\/media\/1868"}],"wp:attachment":[{"href":"https:\/\/parr78.fr\/Wpress\/wp-json\/wp\/v2\/media?parent=180"}],"curies":[{"name":"wp","href":"https:\/\/api.w.org\/{rel}","templated":true}]}}