{"id":1245,"date":"2019-09-26T14:28:20","date_gmt":"2019-09-26T12:28:20","guid":{"rendered":"https:\/\/parr78.fr\/Wpress\/?page_id=1245"},"modified":"2020-05-12T15:54:25","modified_gmt":"2020-05-12T13:54:25","slug":"autres-activites","status":"publish","type":"page","link":"https:\/\/parr78.fr\/Wpress\/autres-activites\/","title":{"rendered":"Autres activit\u00e9s"},"content":{"rendered":"\t\t<div data-elementor-type=\"wp-page\" data-elementor-id=\"1245\" class=\"elementor elementor-1245\">\n\t\t\t\t\t\t<section class=\"elementor-section elementor-top-section elementor-element elementor-element-70181f8 elementor-section-boxed elementor-section-height-default elementor-section-height-default\" data-id=\"70181f8\" data-element_type=\"section\" data-e-type=\"section\">\n\t\t\t\t\t\t<div class=\"elementor-container elementor-column-gap-default\">\n\t\t\t\t\t<div class=\"elementor-column elementor-col-100 elementor-top-column elementor-element elementor-element-bd85730\" data-id=\"bd85730\" data-element_type=\"column\" data-e-type=\"column\">\n\t\t\t<div class=\"elementor-widget-wrap elementor-element-populated\">\n\t\t\t\t\t\t<div class=\"elementor-element elementor-element-21e54be elementor-widget elementor-widget-text-editor\" data-id=\"21e54be\" data-element_type=\"widget\" data-e-type=\"widget\" data-widget_type=\"text-editor.default\">\n\t\t\t\t<div class=\"elementor-widget-container\">\n\t\t\t\t\t\t\t\t\t<p>Parmi les autres activit\u00e9s de PARR on peut indiquer :<\/p><ul><li>des participations aux manifestations locales<\/li><li>des expositions<\/li><li>la publication annuelle d&rsquo;un bulletin, distribu\u00e9 aux membres de l&rsquo;association, mais \u00e9galement disponible \u00e0 la M\u00e9diath\u00e8que de Rambouillet, ou au si\u00e8ge de l&rsquo;association<\/li><li>des ouvrages publi\u00e9s par l&rsquo;association, sur des th\u00e8mes se rattachant au patrimoine de Rambouillet et de sa r\u00e9gion.<\/li><\/ul>\t\t\t\t\t\t\t\t<\/div>\n\t\t\t\t<\/div>\n\t\t\t\t\t<\/div>\n\t\t<\/div>\n\t\t\t\t\t<\/div>\n\t\t<\/section>\n\t\t\t\t<section class=\"elementor-section elementor-top-section elementor-element elementor-element-eb5b60b elementor-section-boxed elementor-section-height-default elementor-section-height-default\" data-id=\"eb5b60b\" data-element_type=\"section\" data-e-type=\"section\">\n\t\t\t\t\t\t<div class=\"elementor-container elementor-column-gap-default\">\n\t\t\t\t\t<div class=\"elementor-column elementor-col-100 elementor-top-column elementor-element elementor-element-5285102\" data-id=\"5285102\" data-element_type=\"column\" data-e-type=\"column\">\n\t\t\t<div class=\"elementor-widget-wrap elementor-element-populated\">\n\t\t\t\t\t\t<div class=\"elementor-element elementor-element-ce46aae elementor-widget elementor-widget-shortcode\" data-id=\"ce46aae\" data-element_type=\"widget\" data-e-type=\"widget\" data-widget_type=\"shortcode.default\">\n\t\t\t\t<div class=\"elementor-widget-container\">\n\t\t\t\t\t\t\t<div class=\"elementor-shortcode\"><style type='text\/css' media='all'>#rt-tpg-container-3421188201 .rt-holder .rt-woo-info .price{color:#0367bf;}body .rt-tpg-container .rt-tpg-isotope-buttons .selected,\n\t\t\t\t\t#rt-tpg-container-3421188201 .layout12 .rt-holder:hover .rt-detail,\n\t\t\t\t\t#rt-tpg-container-3421188201 .isotope8 .rt-holder:hover .rt-detail,\n\t\t\t\t\t#rt-tpg-container-3421188201 .carousel8 .rt-holder:hover .rt-detail,\n\t\t\t\t\t#rt-tpg-container-3421188201 .layout13 .rt-holder .overlay .post-info,\n\t\t\t\t\t#rt-tpg-container-3421188201 .isotope9 .rt-holder .overlay .post-info,\n\t\t\t\t\t#rt-tpg-container-3421188201.rt-tpg-container .layout4 .rt-holder .rt-detail,\n\t\t\t\t\t.rt-modal-3421188201 .md-content,\n\t\t\t\t\t.rt-modal-3421188201 .md-content > .rt-md-content-holder .rt-md-content,\n\t\t\t\t\t.rt-popup-wrap-3421188201.rt-popup-wrap .rt-popup-navigation-wrap,\n\t\t\t\t\t#rt-tpg-container-3421188201 .carousel9 .rt-holder .overlay .post-info{background-color:#0367bf;}#rt-tpg-container-3421188201 .layout5 .rt-holder .overlay, #rt-tpg-container-3421188201 .isotope2 .rt-holder .overlay, #rt-tpg-container-3421188201 .carousel2 .rt-holder .overlay,#rt-tpg-container-3421188201 .layout15 .rt-holder h3, #rt-tpg-container-3421188201 .isotope11 .rt-holder h3, #rt-tpg-container-3421188201 .carousel11 .rt-holder h3, #rt-tpg-container-3421188201 .layout16 .rt-holder h3,\n\t\t\t\t\t#rt-tpg-container-3421188201 .isotope12 .rt-holder h3, #rt-tpg-container-3421188201 .carousel12 .rt-holder h3 {background-color:rgba(3,103,191,0.8);}#rt-tpg-container-3421188201 .pagination-list li a,\n\t\t\t\t\trt-tpg-container-3421188201 .pagination-list li span,\n\t\t\t\t\trt-tpg-container-3421188201 .pagination li a,\n\t\t\t\t\t#rt-tpg-container-3421188201 .rt-tpg-isotope-buttons button,\n\t\t\t\t\t#rt-tpg-container-3421188201 .rt-tpg-utility .rt-tpg-load-more button,\n\t\t\t\t\t#rt-tpg-container-3421188201.rt-tpg-container .swiper-navigation .slider-btn,\n\t\t\t\t\t#rt-tpg-container-3421188201.rt-tpg-container .swiper-pagination-bullet,\n\t\t\t\t\t#rt-tpg-container-3421188201 .wc1 .rt-holder .rt-img-holder .overlay .product-more ul li a,\n\t\t\t\t\t#rt-tpg-container-3421188201 .wc2 .rt-detail .rt-wc-add-to-cart,\n\t\t\t\t\t#rt-tpg-container-3421188201 .wc3 .rt-detail .rt-wc-add-to-cart,\n\t\t\t\t\t#rt-tpg-container-3421188201 .wc4 .rt-detail .rt-wc-add-to-cart,\n\t\t\t\t\t#rt-tpg-container-3421188201 .wc-carousel2 .rt-detail .rt-wc-add-to-cart,\n\t\t\t\t\t#rt-tpg-container-3421188201 .wc-isotope2 .rt-detail .rt-wc-add-to-cart,\n\t\t\t\t\t#rt-tpg-container-3421188201 .rt-layout-filter-container .rt-filter-wrap .rt-filter-item-wrap.rt-filter-dropdown-wrap .rt-filter-dropdown,\n\t\t\t\t\t#rt-tpg-container-3421188201 .rt-layout-filter-container .rt-filter-sub-tax.sub-button-group .rt-filter-button-item,\n\t\t\t\t\t#rt-tpg-container-3421188201.rt-tpg-container .rt-pagination-wrap .rt-page-numbers .paginationjs .paginationjs-pages ul li>a,\n\t\t\t\t\t#rt-tpg-container-3421188201 .rt-filter-item-wrap.rt-filter-button-wrap span.rt-filter-button-item,\n\t\t\t\t\t#rt-tpg-container-3421188201.rt-tpg-container .rt-pagination-wrap  .rt-loadmore-btn,\n\t\t\t\t\t#rt-tpg-container-3421188201.rt-tpg-container .rt-pagination-wrap .rt-cb-page-prev-next > *,\n\t\t\t\t\t#rt-tpg-container-3421188201 .rt-read-more,\n\t\t\t\t\t#rt-tooltip-3421188201, #rt-tooltip-3421188201 .rt-tooltip-bottom:after{background-color:#efefef;}#rt-tpg-container-3421188201 .rt-filter-item-wrap.rt-filter-button-wrap span.rt-filter-button-item,\n\t\t\t\t\t#rt-tpg-container-3421188201 .rt-layout-filter-container .rt-filter-sub-tax.sub-button-group .rt-filter-button-item{border-color:#efefef;}#rt-tpg-container-3421188201.rt-tpg-container .layout17 .rt-holder .overlay a.tpg-zoom .fa{color:#efefef;}#rt-tpg-container-3421188201 .rt-holder .read-more a {background-color:#efefef;padding: 8px 15px;}#rt-tpg-container-3421188201 .pagination li.active span,\n\t\t\t\t\t#rt-tpg-container-3421188201 .pagination-list li.active span,\n\t\t\t\t\t#rt-tpg-container-3421188201 .rt-tpg-isotope-buttons button.selected,\n\t\t\t\t\t#rt-tpg-container-3421188201 .rt-filter-item-wrap.rt-filter-button-wrap span.rt-filter-button-item.selected,\n\t\t\t\t\t#rt-tpg-container-3421188201 .rt-layout-filter-container .rt-filter-sub-tax.sub-button-group .rt-filter-button-item.selected,\n\t\t\t\t\t#rt-tpg-container-3421188201.rt-tpg-container .rt-pagination-wrap .rt-page-numbers .paginationjs .paginationjs-pages ul li.active>a,\n\t\t\t\t\t#rt-tpg-container-3421188201.rt-tpg-container .swiper-pagination-bullet.swiper-pagination-bullet-active-main{background-color:#c1c1c1;}#rt-tpg-container-3421188201 .rt-filter-item-wrap.rt-filter-button-wrap span.rt-filter-button-item.selected,\n\t\t\t\t\t#rt-tpg-container-3421188201 .rt-layout-filter-container .rt-filter-sub-tax.sub-button-group .rt-filter-button-item.selected,\n\t\t\t\t\t#rt-tpg-container-3421188201.rt-tpg-container .rt-pagination-wrap .rt-page-numbers .paginationjs .paginationjs-pages ul li.active>a{border-color:#c1c1c1;}#rt-tpg-container-3421188201 .pagination-list li a,\n\t\t\t\t\t#rt-tpg-container-3421188201 .pagination li a,\n\t\t\t\t\t#rt-tpg-container-3421188201 .rt-tpg-isotope-buttons button,\n\t\t\t\t\t#rt-tpg-container-3421188201 .rt-holder .read-more a,\n\t\t\t\t\t#rt-tpg-container-3421188201 .rt-tpg-utility .rt-tpg-load-more button,\n\t\t\t\t\t#rt-tpg-container-3421188201.rt-tpg-container .swiper-navigation .slider-btn,\n\t\t\t\t\t#rt-tpg-container-3421188201 .wc1 .rt-holder .rt-img-holder .overlay .product-more ul li a,\n\t\t\t\t\t#rt-tpg-container-3421188201 .edd1 .rt-holder .rt-img-holder .overlay .product-more ul li a,\n\t\t\t\t\t#rt-tpg-container-3421188201 .wc2 .rt-detail .rt-wc-add-to-cart,\n\t\t\t\t\t#rt-tpg-container-3421188201 .wc3 .rt-detail .rt-wc-add-to-cart,\n\t\t\t\t\t#rt-tpg-container-3421188201 .edd2 .rt-detail .rt-wc-add-to-cart,\n\t\t\t\t\t#rt-tpg-container-3421188201 .wc4 .rt-detail .rt-wc-add-to-cart,\n\t\t\t\t\t#rt-tpg-container-3421188201 .edd3 .rt-detail .rt-wc-add-to-cart,\n\t\t\t\t\t#rt-tpg-container-3421188201 .wc-carousel2 .rt-detail .rt-wc-add-to-cart,\n\t\t\t\t\t#rt-tpg-container-3421188201 .wc-isotope2 .rt-detail .rt-wc-add-to-cart,\n\t\t\t\t\t#rt-tpg-container-3421188201 .rt-tpg-utility .rt-tpg-load-more button,\n\t\t\t\t\t#rt-tooltip-3421188201,\n\t\t\t\t\t#rt-tpg-container-3421188201 .rt-filter-item-wrap.rt-filter-button-wrap span.rt-filter-button-item,\n\t\t\t\t\t#rt-tpg-container-3421188201 .rt-layout-filter-container .rt-filter-sub-tax.sub-button-group .rt-filter-button-item,\n\t\t\t\t\t#rt-tpg-container-3421188201 .rt-layout-filter-container .rt-filter-wrap .rt-filter-item-wrap.rt-sort-order-action,\n\t\t\t\t\t#rt-tpg-container-3421188201 .rt-layout-filter-container .rt-filter-wrap .rt-filter-item-wrap.rt-filter-dropdown-wrap .rt-filter-dropdown .rt-filter-dropdown-item,\n\t\t\t\t\t#rt-tpg-container-3421188201.rt-tpg-container .rt-pagination-wrap .rt-page-numbers .paginationjs .paginationjs-pages ul li>a,\n\t\t\t\t\t#rt-tpg-container-3421188201.rt-tpg-container .rt-pagination-wrap .rt-cb-page-prev-next > *,\n\t\t\t\t\t#rt-tpg-container-3421188201.rt-tpg-container .rt-pagination-wrap  .rt-loadmore-btn,\n\t\t\t\t\t#rt-tpg-container-3421188201 .rt-read-more,\n\t\t\t\t\t#rt-tooltip-3421188201 .rt-tooltip-bottom:after{color:#005daa;}#rt-tpg-container-3421188201 .read-more a{border-radius:px;}#rt-tpg-container-3421188201 .rt-img-holder img.rt-img-responsive,#rt-tpg-container-3421188201 .rt-img-holder,\n\t\t\t\t\t#rt-tpg-container-3421188201 .rt-post-overlay .post-img,\n\t\t\t\t\t#rt-tpg-container-3421188201 .post-sm .post-img,\n\t\t\t\t\t#rt-tpg-container-3421188201 .rt-post-grid .post-img,\n\t\t\t\t\t#rt-tpg-container-3421188201 .post-img img {border-radius:px;}#rt-tpg-container-3421188201 .layout1 .rt-holder h2.entry-title,\n\t\t\t\t\t#rt-tpg-container-3421188201 .layout1 .rt-holder h3.entry-title,\n\t\t\t\t\t#rt-tpg-container-3421188201 .layout1 .rt-holder h4.entry-title,\n\t\t\t\t\t#rt-tpg-container-3421188201 .layout1 .rt-holder h2.entry-title a,\n\t\t\t\t\t#rt-tpg-container-3421188201 .layout1 .rt-holder h3.entry-title a,\n\t\t\t\t\t#rt-tpg-container-3421188201 .layout1 .rt-holder h4.entry-title a,\n\t\t\t\t\t#rt-tpg-container-3421188201 .rt-holder .rt-woo-info h2 a,\n\t\t\t\t\t#rt-tpg-container-3421188201 .rt-holder .rt-woo-info h3 a,\n\t\t\t\t\t#rt-tpg-container-3421188201 .rt-holder .rt-woo-info h4 a,\n\t\t\t\t\t#rt-tpg-container-3421188201 .post-content .post-title,\n\t\t\t\t\t#rt-tpg-container-3421188201 .rt-post-grid .post-title,\n\t\t\t\t\t#rt-tpg-container-3421188201 .rt-post-grid .post-title a,\n\t\t\t\t\t#rt-tpg-container-3421188201 .post-content .post-title a,\n\t\t\t\t\t#rt-tpg-container-3421188201 .rt-holder .rt-woo-info h2,\n\t\t\t\t\t#rt-tpg-container-3421188201 .rt-holder .rt-woo-info h3,\n\t\t\t\t\t#rt-tpg-container-3421188201 .rt-holder .rt-woo-info h4{color:#005daa;}<\/style><div class='rt-container-fluid rt-tpg-container tpg-shortcode-main-wrapper ' id='rt-tpg-container-3421188201'   data-layout='layout1' data-grid-style='even' data-desktop-col='4'  data-tab-col='2'  data-mobile-col='1' data-sc-id='2000'><div data-title='Loading ...' class='rt-row rt-content-loader   layout1 tpg-even '><div class=\"rt-col-md-3 rt-col-sm-6 rt-col-xs-12 even-grid-item rt-grid-item\" data-id=\"3269\"><div class=\"rt-holder\"><div class='rt-detail'><h2 class=\"entry-title\"><a data-id=\"3269\" class=\"\" href=\"https:\/\/parr78.fr\/Wpress\/gisele-deschamps\/\">GIS\u00c8LE \u00a0 DESCHAMPS<\/a><\/h2><div class='post-meta-user  '><span class='date'><i class='far fa-calendar-alt '><\/i>1 avril 2023<\/span><\/div><div class='tpg-excerpt'>Gis\u00e8le Deschamps nous a quitt\u00e9 le 29 mars 2023 Membre co-fondateur de P.A.R.R , elle participait activement \u00e0 toutes nos activit\u00e9s. Elle r\u00e9sidait rue de la Prairie dans le quartier de La Louvi\u00e8re, son quartier qu&rsquo;elle aimait tant.\u00a0Tr\u00e8s appr\u00e9ci\u00e9e, toujours souriante elle s&rsquo;est beaucoup investie en participant \u00e0 la vie de celui-ci, en plus de...<\/div><div class='post-meta '><span class='read-more'><a data-id='3269' class='' href='https:\/\/parr78.fr\/Wpress\/gisele-deschamps\/'>Lire la suite...<\/a><\/span><\/div><\/div><\/div><\/div><div class=\"rt-col-md-3 rt-col-sm-6 rt-col-xs-12 even-grid-item rt-grid-item\" data-id=\"1734\"><div class=\"rt-holder\"><div class=\"rt-img-holder\"><a data-id=\"1734\" class=\"\" href=\"https:\/\/parr78.fr\/Wpress\/le-moment-damitie\/\"><img decoding=\"async\" width=\"150\" height=\"150\" data-src=\"https:\/\/parr78.fr\/Wpress\/wp-content\/uploads\/2020\/04\/buffet-150x150.jpg\" class=\"rt-img-responsive lazyload\" alt=\"\" src=\"data:image\/svg+xml;base64,PHN2ZyB3aWR0aD0iMSIgaGVpZ2h0PSIxIiB4bWxucz0iaHR0cDovL3d3dy53My5vcmcvMjAwMC9zdmciPjwvc3ZnPg==\" style=\"--smush-placeholder-width: 150px; --smush-placeholder-aspect-ratio: 150\/150;\" \/><\/a><\/div><div class='rt-detail'><h2 class=\"entry-title\"><a data-id=\"1734\" class=\"\" href=\"https:\/\/parr78.fr\/Wpress\/le-moment-damitie\/\">Le moment d&rsquo;amiti\u00e9&#8230;<\/a><\/h2><div class='post-meta-user  '><span class='date'><i class='far fa-calendar-alt '><\/i>11 avril 2020<\/span><\/div><div class='tpg-excerpt'>Vous \u00eates l\u00e0 ? Nous sommes heureux de vous retrouver ! Reprenez donc un verre. Et quelques chips ! C&rsquo;est P\u00e2ques, un moment important pour les croyants. Et aussi pour les amateurs de chocolat. Vous vous souvenez quand nous allions, gamins, chercher les oeuf dans le jardin ? Et ceux qu&rsquo;\u00e0 notre tour nous avons...<\/div><div class='post-meta '><span class='read-more'><a data-id='1734' class='' href='https:\/\/parr78.fr\/Wpress\/le-moment-damitie\/'>Lire la suite...<\/a><\/span><\/div><\/div><\/div><\/div><div class=\"rt-col-md-3 rt-col-sm-6 rt-col-xs-12 even-grid-item rt-grid-item\" data-id=\"1527\"><div class=\"rt-holder\"><div class=\"rt-img-holder\"><a data-id=\"1527\" class=\"\" href=\"https:\/\/parr78.fr\/Wpress\/ce-sont-amis-que-vent-emporte\/\"><img decoding=\"async\" width=\"150\" height=\"150\" data-src=\"https:\/\/parr78.fr\/Wpress\/wp-content\/uploads\/2020\/01\/pq-1-150x150.jpg\" class=\"rt-img-responsive lazyload\" alt=\"\" src=\"data:image\/svg+xml;base64,PHN2ZyB3aWR0aD0iMSIgaGVpZ2h0PSIxIiB4bWxucz0iaHR0cDovL3d3dy53My5vcmcvMjAwMC9zdmciPjwvc3ZnPg==\" style=\"--smush-placeholder-width: 150px; --smush-placeholder-aspect-ratio: 150\/150;\" \/><\/a><\/div><div class='rt-detail'><h2 class=\"entry-title\"><a data-id=\"1527\" class=\"\" href=\"https:\/\/parr78.fr\/Wpress\/ce-sont-amis-que-vent-emporte\/\">Ce sont amis que vent emporte&#8230;<\/a><\/h2><div class='post-meta-user  '><span class='date'><i class='far fa-calendar-alt '><\/i>3 janvier 2020<\/span><\/div><div class='tpg-excerpt'>Pierre Qu\u00e9mard est d\u00e9c\u00e9d\u00e9 le 24 d\u00e9cembre 2019. Avec lui c\u2019est un pan de la m\u00e9moire de Rambouillet qui dispara\u00eet. Rambouillet, sa ville, il la connaissait parfaitement. Il y \u00e9tait n\u00e9, comme ses parents. Chaque coin de rue, chaque maison, chaque boutique\u00a0 lui rappelaient des souvenirs qu\u2019il nous faisait partager. Il \u00e9tait intarissable et quel...<\/div><div class='post-meta '><span class='read-more'><a data-id='1527' class='' href='https:\/\/parr78.fr\/Wpress\/ce-sont-amis-que-vent-emporte\/'>Lire la suite...<\/a><\/span><\/div><\/div><\/div><\/div><div class=\"rt-col-md-3 rt-col-sm-6 rt-col-xs-12 even-grid-item rt-grid-item\" data-id=\"1122\"><div class=\"rt-holder\"><div class=\"rt-img-holder\"><a data-id=\"1122\" class=\"\" href=\"https:\/\/parr78.fr\/Wpress\/7-septembre-forum-des-associations\/\"><img decoding=\"async\" width=\"150\" height=\"150\" data-src=\"https:\/\/parr78.fr\/Wpress\/wp-content\/uploads\/2019\/09\/DSC08986-150x150.jpg\" class=\"rt-img-responsive lazyload\" alt=\"\" src=\"data:image\/svg+xml;base64,PHN2ZyB3aWR0aD0iMSIgaGVpZ2h0PSIxIiB4bWxucz0iaHR0cDovL3d3dy53My5vcmcvMjAwMC9zdmciPjwvc3ZnPg==\" style=\"--smush-placeholder-width: 150px; --smush-placeholder-aspect-ratio: 150\/150;\" \/><\/a><\/div><div class='rt-detail'><h2 class=\"entry-title\"><a data-id=\"1122\" class=\"\" href=\"https:\/\/parr78.fr\/Wpress\/7-septembre-forum-des-associations\/\">7 septembre : Forum des associations<\/a><\/h2><div class='post-meta-user  '><span class='date'><i class='far fa-calendar-alt '><\/i>8 septembre 2019<\/span><\/div><div class='tpg-excerpt'>Beaucoup de monde en ce samedi de rentr\u00e9e, pour se renseigner sur les nombreuses associations de Rambouillet. Si les associations sportives ont \u00e9t\u00e9 prises d\u2019assaut -surtout pour l&rsquo;inscription des enfants qui se voient ainsi proposer un nombre incroyable d&rsquo;activit\u00e9s &#8211; les curieux \u00e9taient \u00e9galement nombreux autour des stands des associations sociales ou culturelles. Celui de...<\/div><div class='post-meta '><span class='read-more'><a data-id='1122' class='' href='https:\/\/parr78.fr\/Wpress\/7-septembre-forum-des-associations\/'>Lire la suite...<\/a><\/span><\/div><\/div><\/div><\/div><div class=\"rt-col-md-3 rt-col-sm-6 rt-col-xs-12 even-grid-item rt-grid-item\" data-id=\"366\"><div class=\"rt-holder\"><div class=\"rt-img-holder\"><a data-id=\"366\" class=\"\" href=\"https:\/\/parr78.fr\/Wpress\/des-livres-de-thierry-liot\/\"><img decoding=\"async\" width=\"150\" height=\"150\" data-src=\"https:\/\/parr78.fr\/Wpress\/wp-content\/uploads\/2018\/11\/LIOT-2-150x150.jpg\" class=\"rt-img-responsive lazyload\" alt=\"3 livres de Thierry Liot, \u00e9dit\u00e9s par l&#039;ass PARR de Rambouillet\" src=\"data:image\/svg+xml;base64,PHN2ZyB3aWR0aD0iMSIgaGVpZ2h0PSIxIiB4bWxucz0iaHR0cDovL3d3dy53My5vcmcvMjAwMC9zdmciPjwvc3ZnPg==\" style=\"--smush-placeholder-width: 150px; --smush-placeholder-aspect-ratio: 150\/150;\" \/><\/a><\/div><div class='rt-detail'><h2 class=\"entry-title\"><a data-id=\"366\" class=\"\" href=\"https:\/\/parr78.fr\/Wpress\/des-livres-de-thierry-liot\/\">Des livres de Thierry Liot<\/a><\/h2><div class='post-meta-user  '><span class='date'><i class='far fa-calendar-alt '><\/i>8 novembre 2018<\/span><\/div><div class='tpg-excerpt'>Docteur en Histoire de l&rsquo;Art, et conseiller technique de PARR, Thierry LIOT a \u00e9crit pour notre association trois ouvrages de r\u00e9f\u00e9rences. La belle \u00e9poque des ch\u00e2teaux: Pas moins de soixante ch\u00e2teaux et manoirs ont \u00e9t\u00e9 construits dans notre r\u00e9gion, entre 1850 et 1914. Th.Liot a fait l&rsquo;inventaire de ces demeures, pour la plupart des relais...<\/div><div class='post-meta '><span class='read-more'><a data-id='366' class='' href='https:\/\/parr78.fr\/Wpress\/des-livres-de-thierry-liot\/'>Lire la suite...<\/a><\/span><\/div><\/div><\/div><\/div><\/div><\/div><\/div>\n\t\t\t\t\t\t<\/div>\n\t\t\t\t<\/div>\n\t\t\t\t\t<\/div>\n\t\t<\/div>\n\t\t\t\t\t<\/div>\n\t\t<\/section>\n\t\t\t\t<\/div>\n\t\t","protected":false},"excerpt":{"rendered":"<p>Parmi les autres activit\u00e9s de PARR on peut indiquer : des participations aux manifestations locales des expositions la publication annuelle d&rsquo;un bulletin, distribu\u00e9 aux membres de l&rsquo;association, mais \u00e9galement disponible \u00e0 la M\u00e9diath\u00e8que de Rambouillet, ou au si\u00e8ge de l&rsquo;association des ouvrages publi\u00e9s par l&rsquo;association, sur des th\u00e8mes se rattachant au patrimoine de Rambouillet et [&hellip;]<\/p>\n","protected":false},"author":1,"featured_media":0,"parent":0,"menu_order":0,"comment_status":"closed","ping_status":"closed","template":"","meta":{"ocean_post_layout":"","ocean_both_sidebars_style":"","ocean_both_sidebars_content_width":0,"ocean_both_sidebars_sidebars_width":0,"ocean_sidebar":"0","ocean_second_sidebar":"0","ocean_disable_margins":"enable","ocean_add_body_class":"","ocean_shortcode_before_top_bar":"","ocean_shortcode_after_top_bar":"","ocean_shortcode_before_header":"","ocean_shortcode_after_header":"","ocean_has_shortcode":"","ocean_shortcode_after_title":"","ocean_shortcode_before_footer_widgets":"","ocean_shortcode_after_footer_widgets":"","ocean_shortcode_before_footer_bottom":"","ocean_shortcode_after_footer_bottom":"","ocean_display_top_bar":"default","ocean_display_header":"default","ocean_header_style":"","ocean_center_header_left_menu":"0","ocean_custom_header_template":"0","ocean_custom_logo":0,"ocean_custom_retina_logo":0,"ocean_custom_logo_max_width":0,"ocean_custom_logo_tablet_max_width":0,"ocean_custom_logo_mobile_max_width":0,"ocean_custom_logo_max_height":0,"ocean_custom_logo_tablet_max_height":0,"ocean_custom_logo_mobile_max_height":0,"ocean_header_custom_menu":"0","ocean_menu_typo_font_family":"0","ocean_menu_typo_font_subset":"","ocean_menu_typo_font_size":0,"ocean_menu_typo_font_size_tablet":0,"ocean_menu_typo_font_size_mobile":0,"ocean_menu_typo_font_size_unit":"px","ocean_menu_typo_font_weight":"","ocean_menu_typo_font_weight_tablet":"","ocean_menu_typo_font_weight_mobile":"","ocean_menu_typo_transform":"","ocean_menu_typo_transform_tablet":"","ocean_menu_typo_transform_mobile":"","ocean_menu_typo_line_height":0,"ocean_menu_typo_line_height_tablet":0,"ocean_menu_typo_line_height_mobile":0,"ocean_menu_typo_line_height_unit":"","ocean_menu_typo_spacing":0,"ocean_menu_typo_spacing_tablet":0,"ocean_menu_typo_spacing_mobile":0,"ocean_menu_typo_spacing_unit":"","ocean_menu_link_color":"","ocean_menu_link_color_hover":"","ocean_menu_link_color_active":"","ocean_menu_link_background":"","ocean_menu_link_hover_background":"","ocean_menu_link_active_background":"","ocean_menu_social_links_bg":"","ocean_menu_social_hover_links_bg":"","ocean_menu_social_links_color":"","ocean_menu_social_hover_links_color":"","ocean_disable_title":"default","ocean_disable_heading":"default","ocean_post_title":"","ocean_post_subheading":"","ocean_post_title_style":"","ocean_post_title_background_color":"","ocean_post_title_background":0,"ocean_post_title_bg_image_position":"","ocean_post_title_bg_image_attachment":"","ocean_post_title_bg_image_repeat":"","ocean_post_title_bg_image_size":"","ocean_post_title_height":0,"ocean_post_title_bg_overlay":0.5,"ocean_post_title_bg_overlay_color":"","ocean_disable_breadcrumbs":"default","ocean_breadcrumbs_color":"","ocean_breadcrumbs_separator_color":"","ocean_breadcrumbs_links_color":"","ocean_breadcrumbs_links_hover_color":"","ocean_display_footer_widgets":"default","ocean_display_footer_bottom":"default","ocean_custom_footer_template":"0","footnotes":""},"class_list":["post-1245","page","type-page","status-publish","hentry","entry","has-media"],"rttpg_featured_image_url":null,"rttpg_author":{"display_name":"christian","author_link":"https:\/\/parr78.fr\/Wpress\/author\/christian\/"},"rttpg_comment":0,"rttpg_category":"","rttpg_excerpt":"Parmi les autres activit\u00e9s de PARR on peut indiquer : des participations aux manifestations locales des expositions la publication annuelle d&rsquo;un bulletin, distribu\u00e9 aux membres de l&rsquo;association, mais \u00e9galement disponible \u00e0 la M\u00e9diath\u00e8que de Rambouillet, ou au si\u00e8ge de l&rsquo;association des ouvrages publi\u00e9s par l&rsquo;association, sur des th\u00e8mes se rattachant au patrimoine de Rambouillet et\u2026","_links":{"self":[{"href":"https:\/\/parr78.fr\/Wpress\/wp-json\/wp\/v2\/pages\/1245","targetHints":{"allow":["GET"]}}],"collection":[{"href":"https:\/\/parr78.fr\/Wpress\/wp-json\/wp\/v2\/pages"}],"about":[{"href":"https:\/\/parr78.fr\/Wpress\/wp-json\/wp\/v2\/types\/page"}],"author":[{"embeddable":true,"href":"https:\/\/parr78.fr\/Wpress\/wp-json\/wp\/v2\/users\/1"}],"replies":[{"embeddable":true,"href":"https:\/\/parr78.fr\/Wpress\/wp-json\/wp\/v2\/comments?post=1245"}],"version-history":[{"count":5,"href":"https:\/\/parr78.fr\/Wpress\/wp-json\/wp\/v2\/pages\/1245\/revisions"}],"predecessor-version":[{"id":2761,"href":"https:\/\/parr78.fr\/Wpress\/wp-json\/wp\/v2\/pages\/1245\/revisions\/2761"}],"wp:attachment":[{"href":"https:\/\/parr78.fr\/Wpress\/wp-json\/wp\/v2\/media?parent=1245"}],"curies":[{"name":"wp","href":"https:\/\/api.w.org\/{rel}","templated":true}]}}