{"id":1142,"date":"2019-09-15T15:26:59","date_gmt":"2019-09-15T13:26:59","guid":{"rendered":"https:\/\/parr78.fr\/Wpress\/?page_id=1142"},"modified":"2019-09-15T15:40:20","modified_gmt":"2019-09-15T13:40:20","slug":"politique-de-confidentialite","status":"publish","type":"page","link":"https:\/\/parr78.fr\/Wpress\/politique-de-confidentialite\/","title":{"rendered":"Politique de confidentialit\u00e9"},"content":{"rendered":"\t\t<div data-elementor-type=\"wp-post\" data-elementor-id=\"1142\" class=\"elementor elementor-1142\">\n\t\t\t\t\t\t<section class=\"elementor-section elementor-top-section elementor-element elementor-element-4b2195da elementor-section-boxed elementor-section-height-default elementor-section-height-default\" data-id=\"4b2195da\" data-element_type=\"section\" data-e-type=\"section\">\n\t\t\t\t\t\t<div class=\"elementor-container elementor-column-gap-default\">\n\t\t\t\t\t<div class=\"elementor-column elementor-col-100 elementor-top-column elementor-element elementor-element-4193ea02\" data-id=\"4193ea02\" data-element_type=\"column\" data-e-type=\"column\">\n\t\t\t<div class=\"elementor-widget-wrap elementor-element-populated\">\n\t\t\t\t\t\t<div class=\"elementor-element elementor-element-b66dece elementor-widget elementor-widget-text-editor\" data-id=\"b66dece\" data-element_type=\"widget\" data-e-type=\"widget\" data-widget_type=\"text-editor.default\">\n\t\t\t\t<div class=\"elementor-widget-container\">\n\t\t\t\t\t\t\t\t\t<p>PARR est une association de droit fran\u00e7ais, r\u00e9gie par la loi de 1901, dont le si\u00e8ge social est P\u00f4le associatif Marie-France Faure, 67 rue Fernand Dreyfus 78120 RAMBOUILLET.<\/p>\n<p>Notre site utilise indistinctement\u00a0 les deux noms de domaine suivants : parr78.org et parr78.fr.<\/p>\n<p>Il est cr\u00e9\u00e9 sous wordpress, et notre h\u00e9bergeur est la soci\u00e9t\u00e9 OVH , dont le si\u00e8ge est \u00e0 Roubaix, France.<\/p>\n<p>Le directeur de publication est Christian Rouet. Il est joignable \u00e0 <a href=\"mailto:contact@parr78.org\">contact@parr78.org<\/a><\/p>\n<h2 style=\"text-align: center;\">PROTECTION DES DONNEES &#8211; CONFORMITE AU RGPD<\/h2>\n<p>RGPD : Le r\u00e8glement n\u1d52 2016\/679, dit <em>r\u00e8glement g\u00e9n\u00e9ral sur la protection des donn\u00e9es<\/em>, est un r\u00e8glement de l&rsquo;Union europ\u00e9enne qui constitue le texte de r\u00e9f\u00e9rence en mati\u00e8re de protection des donn\u00e9es \u00e0 caract\u00e8re personnel. Il renforce et unifie la protection des donn\u00e9es pour les individus au sein de l&rsquo;Union europ\u00e9enne.<\/p>\n<h3 style=\"text-align: center;\">1\u00b0 Collecte et traitement des donn\u00e9es de nos adh\u00e9rents:<\/h3>\n<p>Afin d&rsquo;assurer la gestion administrative de notre association, et le suivi du paiement annuel des cotisations, nous collectons lors de chaque adh\u00e9sion les donn\u00e9es suivantes,\u00e0 l&rsquo;exclusion de toute donn\u00e9e sensible :<\/p>\n<ul>\n<li>nom et pr\u00e9nom<\/li>\n<li>profession<\/li>\n<li>adresse postale<\/li>\n<li>num\u00e9ro de t\u00e9l\u00e9phone<\/li>\n<li>adresse mail<\/li>\n<\/ul>\n<p>Elles peuvent \u00eatre consult\u00e9es et actualis\u00e9es par l&rsquo;adh\u00e9rent \u00e0 tout moment, par courrier postal adress\u00e9 \u00e0 notre si\u00e8ge social (voir ci-dessus) ou par mail \u00e0 <a href=\"mailto:contact@parr78.org\">contact@parr78.org<\/a>.<\/p>\n<p>En cas de d\u00e9part de l&rsquo;association, ces donn\u00e9es sont conserv\u00e9es 3 ans, avant d&rsquo;\u00eatre d\u00e9finitivement annul\u00e9es, sauf demande de l&rsquo;adh\u00e9rent de les supprimer plus t\u00f4t.<\/p>\n<p>Ces donn\u00e9es sont conserv\u00e9es dans un fichier Excel chez l&rsquo;un des membres du Conseil d&rsquo;Administration, et PARR s&rsquo;interdit de les communiquer \u00e0 quiconque.<\/p>\n<p>Elle s&rsquo;interdit de m\u00eame de les utiliser pour tout autre objet que les seules n\u00e9cessit\u00e9s de fonctionnement\u00a0 de l&rsquo;association.<\/p>\n<h3>Communication interne :<\/h3>\n<p>PARR utilise les donn\u00e9es qui lui ont \u00e9t\u00e9 communiqu\u00e9es par ses adh\u00e9rents pour les contacter chaque fois que n\u00e9cessaire, en s&rsquo;interdisant tout usage commercial, publicitaire ou autre,<\/p>\n<ul>\n<li>par courrier postal,<\/li>\n<li>ou par mail<\/li>\n<\/ul>\n<p>Pour contacter par mail nos adh\u00e9rents, nous utilisons le programme <strong>SENDINBLUE.<\/strong><\/p>\n<p>Ce programme nous assure un parfait <a href=\"https:\/\/help.sendinblue.com\/hc\/fr\/categories\/360000229110-RGPD\">respect du RGPD,<\/a> et notamment<\/p>\n<ul>\n<li>de la s\u00e9curit\u00e9 du stockage des donn\u00e9es<\/li>\n<li>de la possibilit\u00e9 rappel\u00e9e en bas de chaque mail de demander \u00e0 \u00eatre imm\u00e9diatement retir\u00e9 du fichier de mailing, en cloquant seulement sur le lien \u00ab\u00a0se d\u00e9sisncrire\u00a0\u00bb.<\/li>\n<\/ul>\n<p>La d\u00e9sinscription est automatique et imm\u00e9diate.<\/p>\n<h3 style=\"text-align: center;\">2\u00b0 COOKIES<\/h3>\n<p><strong>Qu\u2019est ce qu\u2019un cookie ?<\/strong><\/p>\n<p>Un cookie est un fichier texte d\u00e9pos\u00e9 et conserv\u00e9 sur le disque dur de l\u2019internaute, sous r\u00e9serve de ses choix, par le serveur du site visit\u00e9 ou par un serveur tiers (outil de web analytique , r\u00e9gie publicitaire, partenaires, etc .)<\/p>\n<p>Un cookie permet donc de reconna\u00eetre le terminal de l\u2019Utilisateur lorsqu\u2019il revient sur un site web. En effet ce n\u2019est pas l\u2019Utilisateur qui est reconnu mais le terminal depuis lequel il visite un site web.<\/p>\n<p><strong>A quoi servent les cookies \u00e9mis sur nos Sites ?<\/strong><\/p>\n<p>Seul l\u2019\u00e9metteur d\u2019un cookie est susceptible de lire ou de modifier des informations qui y sont contenues.<\/p>\n<p>Les cookies que nous \u00e9mettons sur notre site sont utilis\u00e9s pour reconna\u00eetre le terminal de l\u2019Utilisateur lorsqu\u2019il se connecte \u00e0 l\u2019un de nos Sites afin<\/p>\n<ul>\n<li>d&rsquo;optimiser la pr\u00e9sentation de notre site aux pr\u00e9f\u00e9rences d\u2019affichage de votre terminal (r\u00e9solution d\u2019affichage, syst\u00e8me d\u2019exploitation utilis\u00e9, etc.) lors de vos visites selon les mat\u00e9riels et les logiciels de visualisation ou de lecture que comporte votre terminal.<\/li>\n<li>d&rsquo;\u00e9tablir des statistiques et volumes de fr\u00e9quentation et d\u2019utilisation de nos Sites,<\/li>\n<li>Mettre en place des mesures de s\u00e9curit\u00e9 sp\u00e9cifique.<\/li>\n<\/ul>\n<p><strong>Vos choix concernant les cookies<\/strong><\/p>\n<p>Vous disposez de diff\u00e9rents moyens pour g\u00e9rer les cookies . Tout param\u00e9trage que vous pouvez entreprendre sera susceptible de modifier votre navigation sur nos Sites et sur Internet en g\u00e9n\u00e9ral et vos conditions d\u2019acc\u00e8s \u00e0 certains services de nos Sites n\u00e9cessitant l\u2019utilisation de cookies.<\/p>\n<p>Vous pouvez \u00e0 tout moment exprimer et modifier vos souhaits en mati\u00e8re de cookies, par les moyens d\u00e9crits ci-dessous.<\/p>\n<p><strong>1. Les choix offerts par votre logiciel de navigation<\/strong><\/p>\n<p>Vous pouvez configurer votre logiciel de navigation de mani\u00e8re \u00e0 ce que des cookies soient enregistr\u00e9s dans votre terminal ou, au contraire, qu\u2019ils soient rejet\u00e9s, soit syst\u00e9matiquement, soit selon leur \u00e9metteur.<\/p>\n<p>Vous pouvez \u00e9galement configurer votre logiciel de navigation de mani\u00e8re \u00e0 ce que l\u2019acceptation ou le refus des cookies vous soient propos\u00e9s ponctuellement, avant qu\u2019un cookie soit susceptible d\u2019\u00eatre enregistr\u00e9 dans votre terminal.<\/p>\n<p>Pour plus d\u2019informations, consultez la rubrique \u00ab Comment exercer vos choix selon le navigateur que vous utilisez \u00bb ci-dessous.<\/p>\n<p><strong>2. L\u2019accord sur les cookies<\/strong><\/p>\n<p>L\u2019enregistrement d\u2019un cookie dans un terminal est essentiellement subordonn\u00e9 \u00e0 la volont\u00e9 de l\u2019utilisateur du terminal, que celui-ci peut exprimer et modifier \u00e0 tout moment et gratuitement \u00e0 travers les choix qui lui sont offerts par son logiciel de navigation.<\/p>\n<p>Si vous avez accept\u00e9 dans votre logiciel de navigation l\u2019enregistrement de cookies dans votre terminal, les cookies int\u00e9gr\u00e9s dans les pages et contenus que vous avez consult\u00e9s pourront \u00eatre stock\u00e9s temporairement dans un espace d\u00e9di\u00e9 de votre terminal. Ils y seront lisibles uniquement par leur \u00e9metteur.<\/p>\n<p><strong>3. Le refus des cookies<\/strong><\/p>\n<p>Si vous refusez l\u2019enregistrement de cookies dans votre terminal, ou si vous supprimez ceux qui y sont enregistr\u00e9s, vous ne pourrez plus b\u00e9n\u00e9ficier d\u2019un certain nombre de fonctionnalit\u00e9s qui sont n\u00e9anmoins n\u00e9cessaires pour naviguer dans notre site.puisqu&rsquo;il nous sera impossible de reconna\u00eetre, \u00e0 des fins de compatibilit\u00e9 technique, le type de navigateur utilis\u00e9 par votre terminal, ses param\u00e8tres de langue et d\u2019affichage ou le pays depuis lequel votre terminal semble connect\u00e9 \u00e0 Internet.<\/p>\n<p>Le cas \u00e9ch\u00e9ant, nous d\u00e9clinons toute responsabilit\u00e9 pour les cons\u00e9quences li\u00e9es au fonctionnement d\u00e9grad\u00e9 de nos services r\u00e9sultant de l\u2019impossibilit\u00e9 pour nous d\u2019enregistrer ou de consulter les cookies n\u00e9cessaires \u00e0 leur fonctionnement et que vous auriez refus\u00e9s ou supprim\u00e9s.<\/p>\t\t\t\t\t\t\t\t<\/div>\n\t\t\t\t<\/div>\n\t\t\t\t\t<\/div>\n\t\t<\/div>\n\t\t\t\t\t<\/div>\n\t\t<\/section>\n\t\t\t\t<section class=\"elementor-section elementor-top-section elementor-element elementor-element-e9c2f23 elementor-section-boxed elementor-section-height-default elementor-section-height-default\" data-id=\"e9c2f23\" data-element_type=\"section\" data-e-type=\"section\">\n\t\t\t\t\t\t<div class=\"elementor-container elementor-column-gap-default\">\n\t\t\t\t\t<div class=\"elementor-column elementor-col-100 elementor-top-column elementor-element elementor-element-7832047\" data-id=\"7832047\" data-element_type=\"column\" data-e-type=\"column\">\n\t\t\t<div class=\"elementor-widget-wrap elementor-element-populated\">\n\t\t\t\t\t\t<div class=\"elementor-element elementor-element-2ad1795 elementor-widget elementor-widget-accordion\" data-id=\"2ad1795\" data-element_type=\"widget\" data-e-type=\"widget\" data-widget_type=\"accordion.default\">\n\t\t\t\t<div class=\"elementor-widget-container\">\n\t\t\t\t\t\t\t<div class=\"elementor-accordion\">\n\t\t\t\t\t\t\t<div class=\"elementor-accordion-item\">\n\t\t\t\t\t<div id=\"elementor-tab-title-4481\" class=\"elementor-tab-title\" data-tab=\"1\" role=\"button\" aria-controls=\"elementor-tab-content-4481\" aria-expanded=\"false\">\n\t\t\t\t\t\t\t\t\t\t\t\t\t<span class=\"elementor-accordion-icon elementor-accordion-icon-left\" aria-hidden=\"true\">\n\t\t\t\t\t\t\t\t\t\t\t\t\t\t\t<span class=\"elementor-accordion-icon-closed\"><i class=\"fas fa-plus\"><\/i><\/span>\n\t\t\t\t\t\t\t\t<span class=\"elementor-accordion-icon-opened\"><i class=\"fas fa-minus\"><\/i><\/span>\n\t\t\t\t\t\t\t\t\t\t\t\t\t\t<\/span>\n\t\t\t\t\t\t\t\t\t\t\t\t<a class=\"elementor-accordion-title\" tabindex=\"0\">4. Comment exercer vos choix selon le navigateur que vous utilisez<\/a>\n\t\t\t\t\t<\/div>\n\t\t\t\t\t<div id=\"elementor-tab-content-4481\" class=\"elementor-tab-content elementor-clearfix\" data-tab=\"1\" role=\"region\" aria-labelledby=\"elementor-tab-title-4481\"><p>Pour la gestion des cookies et de vos choix, la configuration de chaque navigateur est diff\u00e9rente. Elle est d\u00e9crite dans le menu d\u2019aide de votre navigateur, qui vous permettra de savoir de quelle mani\u00e8re modifier vos souhaits en mati\u00e8re de cookies. Voici la proc\u00e9dure \u00e0 suivre pour que votre navigateur refuse les cookies :<\/p>\n<p><em><strong>Si vous utilisez le navigateur Internet Explorer TM<\/strong><\/em><\/p>\n<p>Dans Internet Explorer, cliquez sur le bouton \u00ab Outils \u00bb, puis sur \u00ab Options Internet \u00bb.<br \/>Sous l\u2019onglet G\u00e9n\u00e9ral, sous \u00ab Historique de navigation \u00bb, cliquez sur \u00ab Param\u00e8tres \u00bb.<br \/>Cliquez sur le bouton \u00ab Afficher les fichiers \u00bb.<br \/>Cliquez sur l\u2019en-t\u00eate de colonne \u00ab Nom \u00bb pour trier tous les fichiers dans l\u2019ordre alphab\u00e9tique, puis parcourez la liste jusqu\u2019\u00e0 ce que vous voyiez des fichiers commen\u00e7ant par le pr\u00e9fixe \u00ab Cookie \u00bb. (tous les cookies poss\u00e8dent ce pr\u00e9fixe et contiennent habituellement le nom du site Web qui a cr\u00e9\u00e9 le cookie).<br \/>S\u00e9lectionnez le ou les cookies concern\u00e9s et supprimez-les.<br \/>Fermez la fen\u00eatre qui contient la liste des fichiers, puis cliquez deux fois sur OK pour retourner dans Internet Explorer.<br \/>En savoir plus<\/p>\n<p><em><strong>Si vous utilisez le navigateur Firefox TM<\/strong><\/em><\/p>\n<p>Allez dans l\u2019onglet \u00ab Outils \u00bb du navigateur puis s\u00e9lectionnez le menu \u00ab Options \u00bb.<br \/>Dans la fen\u00eatre qui s\u2019affiche, choisissez \u00ab Vie priv\u00e9e \u00bb et cliquez sur \u00ab Affichez les cookies \u00bb.<br \/>Rep\u00e9rez les fichiers concern\u00e9s, s\u00e9lectionnez-les et supprimez-les.<br \/>En savoir plus<\/p>\n<p><em><strong>Si vous utilisez le navigateur Safari TM<\/strong><\/em><\/p>\n<p>Dans votre navigateur, choisissez le menu \u00ab \u00c9dition &gt; Pr\u00e9f\u00e9rences \u00bb.<br \/>Cliquez sur \u00ab S\u00e9curit\u00e9 \u00bb.<br \/>Cliquez sur \u00ab Afficher les cookies \u00bb.<br \/>S\u00e9lectionnez les cookies concern\u00e9s et cliquez sur \u00ab Effacer \u00bb ou sur \u00ab Tout effacer \u00bb.<br \/>Apr\u00e8s avoir supprim\u00e9 les cookies, cliquez sur \u00ab Termin\u00e9 \u00bb.<br \/>En savoir plus<\/p>\n<p><em><strong>si vous utilisez le navigateur Google Chrome TM<\/strong><\/em><\/p>\n<p>Cliquez sur l\u2019ic\u00f4ne du menu \u00ab Outils \u00bb.<br \/>S\u00e9lectionnez \u00ab Options \u00bb.<br \/>Cliquez sur l\u2019onglet \u00ab Options avanc\u00e9es \u00bb et acc\u00e9dez \u00e0 la section \u00ab Confidentialit\u00e9 \u00bb.<br \/>Cliquez sur le bouton \u00ab Afficher les cookies \u00bb.<br \/>Rep\u00e9rez les fichiers concern\u00e9s, s\u00e9lectionnez-les et supprimez-les.<br \/>Cliquez sur \u00ab Fermer \u00bb pour revenir \u00e0 votre navigateur.<\/p><\/div>\n\t\t\t\t<\/div>\n\t\t\t\t\t\t\t\t<\/div>\n\t\t\t\t\t\t<\/div>\n\t\t\t\t<\/div>\n\t\t\t\t\t<\/div>\n\t\t<\/div>\n\t\t\t\t\t<\/div>\n\t\t<\/section>\n\t\t\t\t<\/div>\n\t\t","protected":false},"excerpt":{"rendered":"<p>PARR est une association de droit fran\u00e7ais, r\u00e9gie par la loi de 1901, dont le si\u00e8ge social est P\u00f4le associatif Marie-France Faure, 67 rue Fernand Dreyfus 78120 RAMBOUILLET. Notre site utilise indistinctement\u00a0 les deux noms de domaine suivants : parr78.org et parr78.fr. Il est cr\u00e9\u00e9 sous wordpress, et notre h\u00e9bergeur est la soci\u00e9t\u00e9 OVH , [&hellip;]<\/p>\n","protected":false},"author":1,"featured_media":0,"parent":0,"menu_order":0,"comment_status":"closed","ping_status":"closed","template":"","meta":{"ocean_post_layout":"","ocean_both_sidebars_style":"","ocean_both_sidebars_content_width":0,"ocean_both_sidebars_sidebars_width":0,"ocean_sidebar":"0","ocean_second_sidebar":"0","ocean_disable_margins":"enable","ocean_add_body_class":"","ocean_shortcode_before_top_bar":"","ocean_shortcode_after_top_bar":"","ocean_shortcode_before_header":"","ocean_shortcode_after_header":"","ocean_has_shortcode":"","ocean_shortcode_after_title":"","ocean_shortcode_before_footer_widgets":"","ocean_shortcode_after_footer_widgets":"","ocean_shortcode_before_footer_bottom":"","ocean_shortcode_after_footer_bottom":"","ocean_display_top_bar":"default","ocean_display_header":"default","ocean_header_style":"","ocean_center_header_left_menu":"0","ocean_custom_header_template":"0","ocean_custom_logo":0,"ocean_custom_retina_logo":0,"ocean_custom_logo_max_width":0,"ocean_custom_logo_tablet_max_width":0,"ocean_custom_logo_mobile_max_width":0,"ocean_custom_logo_max_height":0,"ocean_custom_logo_tablet_max_height":0,"ocean_custom_logo_mobile_max_height":0,"ocean_header_custom_menu":"0","ocean_menu_typo_font_family":"0","ocean_menu_typo_font_subset":"","ocean_menu_typo_font_size":0,"ocean_menu_typo_font_size_tablet":0,"ocean_menu_typo_font_size_mobile":0,"ocean_menu_typo_font_size_unit":"px","ocean_menu_typo_font_weight":"","ocean_menu_typo_font_weight_tablet":"","ocean_menu_typo_font_weight_mobile":"","ocean_menu_typo_transform":"","ocean_menu_typo_transform_tablet":"","ocean_menu_typo_transform_mobile":"","ocean_menu_typo_line_height":0,"ocean_menu_typo_line_height_tablet":0,"ocean_menu_typo_line_height_mobile":0,"ocean_menu_typo_line_height_unit":"","ocean_menu_typo_spacing":0,"ocean_menu_typo_spacing_tablet":0,"ocean_menu_typo_spacing_mobile":0,"ocean_menu_typo_spacing_unit":"","ocean_menu_link_color":"","ocean_menu_link_color_hover":"","ocean_menu_link_color_active":"","ocean_menu_link_background":"","ocean_menu_link_hover_background":"","ocean_menu_link_active_background":"","ocean_menu_social_links_bg":"","ocean_menu_social_hover_links_bg":"","ocean_menu_social_links_color":"","ocean_menu_social_hover_links_color":"","ocean_disable_title":"default","ocean_disable_heading":"default","ocean_post_title":"","ocean_post_subheading":"","ocean_post_title_style":"","ocean_post_title_background_color":"","ocean_post_title_background":0,"ocean_post_title_bg_image_position":"","ocean_post_title_bg_image_attachment":"","ocean_post_title_bg_image_repeat":"","ocean_post_title_bg_image_size":"","ocean_post_title_height":0,"ocean_post_title_bg_overlay":0.5,"ocean_post_title_bg_overlay_color":"","ocean_disable_breadcrumbs":"default","ocean_breadcrumbs_color":"","ocean_breadcrumbs_separator_color":"","ocean_breadcrumbs_links_color":"","ocean_breadcrumbs_links_hover_color":"","ocean_display_footer_widgets":"default","ocean_display_footer_bottom":"default","ocean_custom_footer_template":"0","footnotes":""},"class_list":["post-1142","page","type-page","status-publish","hentry","entry"],"rttpg_featured_image_url":null,"rttpg_author":{"display_name":"christian","author_link":"https:\/\/parr78.fr\/Wpress\/author\/christian\/"},"rttpg_comment":0,"rttpg_category":null,"rttpg_excerpt":"PARR est une association de droit fran\u00e7ais, r\u00e9gie par la loi de 1901, dont le si\u00e8ge social est P\u00f4le associatif Marie-France Faure, 67 rue Fernand Dreyfus 78120 RAMBOUILLET. Notre site utilise indistinctement\u00a0 les deux noms de domaine suivants : parr78.org et parr78.fr. Il est cr\u00e9\u00e9 sous wordpress, et notre h\u00e9bergeur est la soci\u00e9t\u00e9 OVH ,\u2026","_links":{"self":[{"href":"https:\/\/parr78.fr\/Wpress\/wp-json\/wp\/v2\/pages\/1142","targetHints":{"allow":["GET"]}}],"collection":[{"href":"https:\/\/parr78.fr\/Wpress\/wp-json\/wp\/v2\/pages"}],"about":[{"href":"https:\/\/parr78.fr\/Wpress\/wp-json\/wp\/v2\/types\/page"}],"author":[{"embeddable":true,"href":"https:\/\/parr78.fr\/Wpress\/wp-json\/wp\/v2\/users\/1"}],"replies":[{"embeddable":true,"href":"https:\/\/parr78.fr\/Wpress\/wp-json\/wp\/v2\/comments?post=1142"}],"version-history":[{"count":4,"href":"https:\/\/parr78.fr\/Wpress\/wp-json\/wp\/v2\/pages\/1142\/revisions"}],"predecessor-version":[{"id":1147,"href":"https:\/\/parr78.fr\/Wpress\/wp-json\/wp\/v2\/pages\/1142\/revisions\/1147"}],"wp:attachment":[{"href":"https:\/\/parr78.fr\/Wpress\/wp-json\/wp\/v2\/media?parent=1142"}],"curies":[{"name":"wp","href":"https:\/\/api.w.org\/{rel}","templated":true}]}}