{"id":1096,"date":"2019-09-01T16:31:46","date_gmt":"2019-09-01T14:31:46","guid":{"rendered":"https:\/\/parr78.fr\/Wpress\/?page_id=1096"},"modified":"2020-06-11T08:34:31","modified_gmt":"2020-06-11T06:34:31","slug":"les-arbres-de-rambouillet","status":"publish","type":"page","link":"https:\/\/parr78.fr\/Wpress\/les-arbres-de-rambouillet\/","title":{"rendered":"Les arbres de Rambouillet"},"content":{"rendered":"\t\t<div data-elementor-type=\"wp-post\" data-elementor-id=\"1096\" class=\"elementor elementor-1096\">\n\t\t\t\t\t\t<section class=\"elementor-section elementor-top-section elementor-element elementor-element-f41e872 elementor-section-boxed elementor-section-height-default elementor-section-height-default\" data-id=\"f41e872\" data-element_type=\"section\" data-e-type=\"section\">\n\t\t\t\t\t\t<div class=\"elementor-container elementor-column-gap-default\">\n\t\t\t\t\t<div class=\"elementor-column elementor-col-100 elementor-top-column elementor-element elementor-element-f7c1fc5\" data-id=\"f7c1fc5\" data-element_type=\"column\" data-e-type=\"column\">\n\t\t\t<div class=\"elementor-widget-wrap elementor-element-populated\">\n\t\t\t\t\t\t<div class=\"elementor-element elementor-element-3415af5 elementor-widget elementor-widget-image\" data-id=\"3415af5\" data-element_type=\"widget\" data-e-type=\"widget\" data-widget_type=\"image.default\">\n\t\t\t\t<div class=\"elementor-widget-container\">\n\t\t\t\t\t\t\t\t\t\t\t\t\t\t\t<img fetchpriority=\"high\" decoding=\"async\" width=\"1024\" height=\"310\" src=\"https:\/\/parr78.fr\/Wpress\/wp-content\/uploads\/2020\/04\/IMG_1677-1024x310.jpg\" class=\"attachment-large size-large wp-image-1749\" alt=\"\" srcset=\"https:\/\/parr78.fr\/Wpress\/wp-content\/uploads\/2020\/04\/IMG_1677-1024x310.jpg 1024w, https:\/\/parr78.fr\/Wpress\/wp-content\/uploads\/2020\/04\/IMG_1677-300x91.jpg 300w, https:\/\/parr78.fr\/Wpress\/wp-content\/uploads\/2020\/04\/IMG_1677-768x232.jpg 768w, https:\/\/parr78.fr\/Wpress\/wp-content\/uploads\/2020\/04\/IMG_1677.jpg 1500w\" sizes=\"(max-width: 1024px) 100vw, 1024px\" \/>\t\t\t\t\t\t\t\t\t\t\t\t\t\t\t<\/div>\n\t\t\t\t<\/div>\n\t\t\t\t\t<\/div>\n\t\t<\/div>\n\t\t\t\t\t<\/div>\n\t\t<\/section>\n\t\t\t\t<section class=\"elementor-section elementor-top-section elementor-element elementor-element-2ff44f9 elementor-section-boxed elementor-section-height-default elementor-section-height-default\" data-id=\"2ff44f9\" data-element_type=\"section\" data-e-type=\"section\">\n\t\t\t\t\t\t<div class=\"elementor-container elementor-column-gap-default\">\n\t\t\t\t\t<div class=\"elementor-column elementor-col-66 elementor-top-column elementor-element elementor-element-4971d14\" data-id=\"4971d14\" data-element_type=\"column\" data-e-type=\"column\">\n\t\t\t<div class=\"elementor-widget-wrap elementor-element-populated\">\n\t\t\t\t\t\t<div class=\"elementor-element elementor-element-7d780cb elementor-widget elementor-widget-text-editor\" data-id=\"7d780cb\" data-element_type=\"widget\" data-e-type=\"widget\" data-widget_type=\"text-editor.default\">\n\t\t\t\t<div class=\"elementor-widget-container\">\n\t\t\t\t\t\t\t\t\t<p class=\"western\" align=\"justify\">La r\u00e9putation de Rambouillet repose en grande partie sur la qualit\u00e9 de son environnement et tout particuli\u00e8rement sur sa for\u00eat et ses espaces arbor\u00e9s. Les rambolitains y sont particuli\u00e8rement attach\u00e9s m\u00eame si beaucoup, tellement habitu\u00e9s \u00e0 ce d\u00e9cor de verdure, n\u2019y font plus attention au quotidien.<\/p><p class=\"western\" align=\"justify\">Le d\u00e9veloppement urbain, qui r\u00e9pond \u00e0 la n\u00e9cessit\u00e9 d\u2019offrir des logements \u00e0 tous et la politique de protection des espaces agricoles et forestiers par une densification des villes ne met pas en danger la for\u00eat et les parcs publics existants mais contribue peu \u00e0 peu \u00e0 la disparition des arbres des propri\u00e9t\u00e9s priv\u00e9es.<\/p><p class=\"western\" align=\"justify\"><img decoding=\"async\" class=\"alignleft wp-image-1099 size-medium lazyload\" data-src=\"https:\/\/parr78.fr\/Wpress\/wp-content\/uploads\/2019\/09\/IMG_9504-225x300.jpg\" alt=\"\" width=\"225\" height=\"300\" data-srcset=\"https:\/\/parr78.fr\/Wpress\/wp-content\/uploads\/2019\/09\/IMG_9504-225x300.jpg 225w, https:\/\/parr78.fr\/Wpress\/wp-content\/uploads\/2019\/09\/IMG_9504-768x1024.jpg 768w, https:\/\/parr78.fr\/Wpress\/wp-content\/uploads\/2019\/09\/IMG_9504.jpg 1536w\" data-sizes=\"(max-width: 225px) 100vw, 225px\" src=\"data:image\/svg+xml;base64,PHN2ZyB3aWR0aD0iMSIgaGVpZ2h0PSIxIiB4bWxucz0iaHR0cDovL3d3dy53My5vcmcvMjAwMC9zdmciPjwvc3ZnPg==\" style=\"--smush-placeholder-width: 225px; --smush-placeholder-aspect-ratio: 225\/300;\" \/>Les arbres repr\u00e9sentent beaucoup plus que de simples \u00e9l\u00e9ments mat\u00e9riels d\u2019am\u00e9nagement des jardins ou des parcs. Ils ont \u00e9t\u00e9 plant\u00e9s pour cr\u00e9er un cadre harmonieux et protecteur lors de la construction d\u2019une maison ou d\u2019un ensemble immobilier. Ils survivent largement \u00e0 ceux qui ont b\u00e2ti et d\u00e8s lors restent les grands t\u00e9moins de l\u2019histoire des lieux. <strong>A ce titre les arbres deviennent eux-m\u00eames patrimoine et doivent \u00eatre reconnus et prot\u00e9g\u00e9s.<\/strong><\/p><p class=\"western\" align=\"justify\">Les arbres ne sont d\u2019ailleurs pas plant\u00e9s par hasard, m\u00eame si l\u2019on ne conna\u00eet pas toutes leurs vertus de protecteurs de l\u2019environnement, du bien-\u00eatre que peut procurer leur voisinage, de leur r\u00f4le cl\u00e9 dans dans l\u2019\u00e9quilibre \u00e9conomique et social d\u2019une cit\u00e9, de leur contribution \u00e0 nous prot\u00e9ger contre les accidents climatiques, la plupart des hommes sentent que l\u2019arbre leur apporte au-del\u00e0 m\u00eame de la qualit\u00e9 paysag\u00e8re \u00e0 laquelle il contribue un peu de bonheur et de bien-\u00eatre.<\/p><p class=\"western\" align=\"justify\">L\u2019association PARR rappelle \u00e0 tous, \u00e9lus, fonctionnaires, promoteurs, b\u00e2tisseurs, citoyens, nous tous qui avons un r\u00f4le \u00e0 jouer dans l\u2019\u00e9volution de la ville :<\/p><blockquote><h3 class=\"western\" align=\"justify\"><span style=\"color: #16631b;\"><strong><em>Pensons \u00e0 chaque arbre de Rambouillet quand nous d\u00e9veloppons un nouveau projet. Ne faisons pas dispara\u00eetre peu \u00e0 peu ce qui en fait le charme et la valeur. Ne consid\u00e9rons pas l\u2019arbre comme une g\u00eane. Au contraire pensons toujours \u00e0 en faire jaillir de nouveaux pour embellir nos paysages et nos vie.<\/em><\/strong><\/span><\/h3><\/blockquote>\t\t\t\t\t\t\t\t<\/div>\n\t\t\t\t<\/div>\n\t\t\t\t<div class=\"elementor-element elementor-element-03b080a elementor-widget elementor-widget-text-editor\" data-id=\"03b080a\" data-element_type=\"widget\" data-e-type=\"widget\" data-widget_type=\"text-editor.default\">\n\t\t\t\t<div class=\"elementor-widget-container\">\n\t\t\t\t\t\t\t\t\t<p style=\"text-align: center;\">Cette \u00e9tude de Michel Paris est illustr\u00e9e par les dessins de Pierre-Yves Burgaud.<br>\nCliquez sur un dessin pour le mettre en pleine page (et [Esc] pour en sortir<\/p>\t\t\t\t\t\t\t\t<\/div>\n\t\t\t\t<\/div>\n\t\t\t\t\t<\/div>\n\t\t<\/div>\n\t\t\t\t<div class=\"elementor-column elementor-col-33 elementor-top-column elementor-element elementor-element-e43bdd3\" data-id=\"e43bdd3\" data-element_type=\"column\" data-e-type=\"column\" data-settings=\"{&quot;background_background&quot;:&quot;classic&quot;}\">\n\t\t\t<div class=\"elementor-widget-wrap elementor-element-populated\">\n\t\t\t\t\t\t<div class=\"elementor-element elementor-element-f9062a2 elementor-widget elementor-widget-heading\" data-id=\"f9062a2\" data-element_type=\"widget\" data-e-type=\"widget\" data-widget_type=\"heading.default\">\n\t\t\t\t<div class=\"elementor-widget-container\">\n\t\t\t\t\t<h2 class=\"elementor-heading-title elementor-size-default\">Nous avons op\u00e9r\u00e9 ici une s\u00e9lection que chacun peut compl\u00e9ter :<\/h2>\t\t\t\t<\/div>\n\t\t\t\t<\/div>\n\t\t\t\t<div class=\"elementor-element elementor-element-c9d6b84 elementor-widget elementor-widget-text-editor\" data-id=\"c9d6b84\" data-element_type=\"widget\" data-e-type=\"widget\" data-widget_type=\"text-editor.default\">\n\t\t\t\t<div class=\"elementor-widget-container\">\n\t\t\t\t\t\t\t\t\t<p style=\"text-align: center;\"><a href=\"https:\/\/parr78.fr\/Wpress\/les-arbres-de-rambouillet\/\">Pr\u00e9sentation g\u00e9n\u00e9rale<\/a><\/p><ul><li><a href=\"https:\/\/parr78.fr\/Wpress\/le-cedre-de-latlas\/\">le c\u00e8dre de l&rsquo;Atlas<\/a><\/li><li><a href=\"https:\/\/parr78.fr\/Wpress\/le-cedre-de-lhimalaya\/\">le c\u00e8dre de l&rsquo;Himalaya<\/a><\/li><li><a href=\"https:\/\/parr78.fr\/Wpress\/le-ginko\/\">le Ginkgo<\/a><\/li><li><a href=\"https:\/\/parr78.fr\/Wpress\/le-marronnier-dinde\/\">le marronnier d&rsquo;Inde<\/a><\/li><li><a href=\"https:\/\/parr78.fr\/Wpress\/le-merisier\/\">le merisier<\/a><\/li><li><a href=\"https:\/\/parr78.fr\/Wpress\/le-platane\/\">le platane<\/a><\/li><li><a href=\"https:\/\/parr78.fr\/Wpress\/le-sapin-despagne\/\">le sapin d&rsquo;Espagne<\/a><\/li><li><a href=\"https:\/\/parr78.fr\/Wpress\/le-sequoia-geant\/\">le sequoia g\u00e9ant<\/a><\/li><\/ul><p style=\"text-align: center;\"><a href=\"https:\/\/parr78.fr\/Wpress\/nos-arbres\/\">et quelques autres &#8230;<\/a><\/p><p style=\"text-align: center;\">&#8212;&#8211;<\/p><p style=\"text-align: center;\">R\u00e9alisation Michel Paris<br \/>Dessins de Pierre-Yves Burgaud<\/p>\t\t\t\t\t\t\t\t<\/div>\n\t\t\t\t<\/div>\n\t\t\t\t<div class=\"elementor-element elementor-element-6d1b501 elementor-widget elementor-widget-image\" data-id=\"6d1b501\" data-element_type=\"widget\" data-e-type=\"widget\" data-widget_type=\"image.default\">\n\t\t\t\t<div class=\"elementor-widget-container\">\n\t\t\t\t\t\t\t\t\t\t\t\t\t\t\t<img decoding=\"async\" width=\"1024\" height=\"384\" data-src=\"https:\/\/parr78.fr\/Wpress\/wp-content\/uploads\/2020\/04\/jaimemonarbre-1024x384.png\" class=\"attachment-large size-large wp-image-1752 lazyload\" alt=\"\" data-srcset=\"https:\/\/parr78.fr\/Wpress\/wp-content\/uploads\/2020\/04\/jaimemonarbre-1024x384.png 1024w, https:\/\/parr78.fr\/Wpress\/wp-content\/uploads\/2020\/04\/jaimemonarbre-300x113.png 300w, https:\/\/parr78.fr\/Wpress\/wp-content\/uploads\/2020\/04\/jaimemonarbre-768x288.png 768w, https:\/\/parr78.fr\/Wpress\/wp-content\/uploads\/2020\/04\/jaimemonarbre.png 1200w\" data-sizes=\"(max-width: 1024px) 100vw, 1024px\" src=\"data:image\/svg+xml;base64,PHN2ZyB3aWR0aD0iMSIgaGVpZ2h0PSIxIiB4bWxucz0iaHR0cDovL3d3dy53My5vcmcvMjAwMC9zdmciPjwvc3ZnPg==\" style=\"--smush-placeholder-width: 1024px; --smush-placeholder-aspect-ratio: 1024\/384;\" \/>\t\t\t\t\t\t\t\t\t\t\t\t\t\t\t<\/div>\n\t\t\t\t<\/div>\n\t\t\t\t\t<\/div>\n\t\t<\/div>\n\t\t\t\t\t<\/div>\n\t\t<\/section>\n\t\t\t\t<section class=\"elementor-section elementor-top-section elementor-element elementor-element-e848f8c elementor-section-boxed elementor-section-height-default elementor-section-height-default\" data-id=\"e848f8c\" data-element_type=\"section\" data-e-type=\"section\">\n\t\t\t\t\t\t<div class=\"elementor-container elementor-column-gap-default\">\n\t\t\t\t\t<div class=\"elementor-column elementor-col-100 elementor-top-column elementor-element elementor-element-91af2c2\" data-id=\"91af2c2\" data-element_type=\"column\" data-e-type=\"column\">\n\t\t\t<div class=\"elementor-widget-wrap elementor-element-populated\">\n\t\t\t\t\t\t<div class=\"elementor-element elementor-element-4eb4863 elementor-arrows-position-inside elementor-pagination-position-outside elementor-widget elementor-widget-image-carousel\" data-id=\"4eb4863\" data-element_type=\"widget\" data-e-type=\"widget\" data-settings=\"{&quot;slides_to_show&quot;:&quot;4&quot;,&quot;navigation&quot;:&quot;both&quot;,&quot;autoplay&quot;:&quot;yes&quot;,&quot;pause_on_hover&quot;:&quot;yes&quot;,&quot;pause_on_interaction&quot;:&quot;yes&quot;,&quot;autoplay_speed&quot;:5000,&quot;infinite&quot;:&quot;yes&quot;,&quot;speed&quot;:500}\" data-widget_type=\"image-carousel.default\">\n\t\t\t\t<div class=\"elementor-widget-container\">\n\t\t\t\t\t\t\t<div class=\"elementor-image-carousel-wrapper swiper\" role=\"region\" aria-roledescription=\"carousel\" aria-label=\"Carrousel d\u2019images\" dir=\"ltr\">\n\t\t\t<div class=\"elementor-image-carousel swiper-wrapper\" aria-live=\"off\">\n\t\t\t\t\t\t\t\t<div class=\"swiper-slide\" role=\"group\" aria-roledescription=\"slide\" aria-label=\"1 sur 8\"><a data-elementor-open-lightbox=\"yes\" data-elementor-lightbox-slideshow=\"4eb4863\" data-elementor-lightbox-title=\"le marronnier d&#039;inde\" data-e-action-hash=\"#elementor-action%3Aaction%3Dlightbox%26settings%3DeyJpZCI6MjEzMCwidXJsIjoiaHR0cHM6XC9cL3BhcnI3OC5mclwvV3ByZXNzXC93cC1jb250ZW50XC91cGxvYWRzXC8yMDIwXC8wNVwvbWFycm9ubmllci1kaW5kZS0xLmpwZWciLCJzbGlkZXNob3ciOiI0ZWI0ODYzIn0%3D\" href=\"https:\/\/parr78.fr\/Wpress\/wp-content\/uploads\/2020\/05\/marronnier-dinde-1.jpeg\"><figure class=\"swiper-slide-inner\"><img decoding=\"async\" class=\"swiper-slide-image lazyload\" data-src=\"https:\/\/parr78.fr\/Wpress\/wp-content\/uploads\/2020\/05\/marronnier-dinde-1-202x300.jpeg\" alt=\"le marronnier d&#039;inde\" src=\"data:image\/svg+xml;base64,PHN2ZyB3aWR0aD0iMSIgaGVpZ2h0PSIxIiB4bWxucz0iaHR0cDovL3d3dy53My5vcmcvMjAwMC9zdmciPjwvc3ZnPg==\" style=\"--smush-placeholder-width: 202px; --smush-placeholder-aspect-ratio: 202\/300;\" \/><\/figure><\/a><\/div><div class=\"swiper-slide\" role=\"group\" aria-roledescription=\"slide\" aria-label=\"2 sur 8\"><a data-elementor-open-lightbox=\"yes\" data-elementor-lightbox-slideshow=\"4eb4863\" data-elementor-lightbox-title=\"Gingko\" data-e-action-hash=\"#elementor-action%3Aaction%3Dlightbox%26settings%3DeyJpZCI6MTg5OCwidXJsIjoiaHR0cHM6XC9cL3BhcnI3OC5mclwvV3ByZXNzXC93cC1jb250ZW50XC91cGxvYWRzXC8yMDIwXC8wMVwvR2luY2tvLmpwZWciLCJzbGlkZXNob3ciOiI0ZWI0ODYzIn0%3D\" href=\"https:\/\/parr78.fr\/Wpress\/wp-content\/uploads\/2020\/01\/Gincko.jpeg\"><figure class=\"swiper-slide-inner\"><img decoding=\"async\" class=\"swiper-slide-image lazyload\" data-src=\"https:\/\/parr78.fr\/Wpress\/wp-content\/uploads\/2020\/01\/Gincko-206x300.jpeg\" alt=\"Gingko\" src=\"data:image\/svg+xml;base64,PHN2ZyB3aWR0aD0iMSIgaGVpZ2h0PSIxIiB4bWxucz0iaHR0cDovL3d3dy53My5vcmcvMjAwMC9zdmciPjwvc3ZnPg==\" style=\"--smush-placeholder-width: 206px; --smush-placeholder-aspect-ratio: 206\/300;\" \/><\/figure><\/a><\/div><div class=\"swiper-slide\" role=\"group\" aria-roledescription=\"slide\" aria-label=\"3 sur 8\"><a data-elementor-open-lightbox=\"yes\" data-elementor-lightbox-slideshow=\"4eb4863\" data-elementor-lightbox-title=\"c\u00e9dre de l&#039;Himalaya\" data-e-action-hash=\"#elementor-action%3Aaction%3Dlightbox%26settings%3DeyJpZCI6MTgwOSwidXJsIjoiaHR0cHM6XC9cL3BhcnI3OC5mclwvV3ByZXNzXC93cC1jb250ZW50XC91cGxvYWRzXC8yMDIwXC8wMVwvY2VkZXMtaGltYS5qcGciLCJzbGlkZXNob3ciOiI0ZWI0ODYzIn0%3D\" href=\"https:\/\/parr78.fr\/Wpress\/wp-content\/uploads\/2020\/01\/cedes-hima.jpg\"><figure class=\"swiper-slide-inner\"><img decoding=\"async\" class=\"swiper-slide-image lazyload\" data-src=\"https:\/\/parr78.fr\/Wpress\/wp-content\/uploads\/2020\/01\/cedes-hima-250x300.jpg\" alt=\"c\u00e9dre de l&#039;Himalaya\" src=\"data:image\/svg+xml;base64,PHN2ZyB3aWR0aD0iMSIgaGVpZ2h0PSIxIiB4bWxucz0iaHR0cDovL3d3dy53My5vcmcvMjAwMC9zdmciPjwvc3ZnPg==\" style=\"--smush-placeholder-width: 250px; --smush-placeholder-aspect-ratio: 250\/300;\" \/><\/figure><\/a><\/div><div class=\"swiper-slide\" role=\"group\" aria-roledescription=\"slide\" aria-label=\"4 sur 8\"><a data-elementor-open-lightbox=\"yes\" data-elementor-lightbox-slideshow=\"4eb4863\" data-elementor-lightbox-title=\"c\u00e9dre de l&#039;Atlas\" data-e-action-hash=\"#elementor-action%3Aaction%3Dlightbox%26settings%3DeyJpZCI6MTgwOCwidXJsIjoiaHR0cHM6XC9cL3BhcnI3OC5mclwvV3ByZXNzXC93cC1jb250ZW50XC91cGxvYWRzXC8yMDIwXC8wMVwvY2VkZXMtYXRsYXMuanBnIiwic2xpZGVzaG93IjoiNGViNDg2MyJ9\" href=\"https:\/\/parr78.fr\/Wpress\/wp-content\/uploads\/2020\/01\/cedes-atlas.jpg\"><figure class=\"swiper-slide-inner\"><img decoding=\"async\" class=\"swiper-slide-image lazyload\" data-src=\"https:\/\/parr78.fr\/Wpress\/wp-content\/uploads\/2020\/01\/cedes-atlas-244x300.jpg\" alt=\"c\u00e9dre de l&#039;Atlas\" src=\"data:image\/svg+xml;base64,PHN2ZyB3aWR0aD0iMSIgaGVpZ2h0PSIxIiB4bWxucz0iaHR0cDovL3d3dy53My5vcmcvMjAwMC9zdmciPjwvc3ZnPg==\" style=\"--smush-placeholder-width: 244px; --smush-placeholder-aspect-ratio: 244\/300;\" \/><\/figure><\/a><\/div><div class=\"swiper-slide\" role=\"group\" aria-roledescription=\"slide\" aria-label=\"5 sur 8\"><a data-elementor-open-lightbox=\"yes\" data-elementor-lightbox-slideshow=\"4eb4863\" data-elementor-lightbox-title=\"sequoia\" data-e-action-hash=\"#elementor-action%3Aaction%3Dlightbox%26settings%3DeyJpZCI6MTgwMiwidXJsIjoiaHR0cHM6XC9cL3BhcnI3OC5mclwvV3ByZXNzXC93cC1jb250ZW50XC91cGxvYWRzXC8yMDIwXC8wMVwvc2VxdW9pYS5qcGciLCJzbGlkZXNob3ciOiI0ZWI0ODYzIn0%3D\" href=\"https:\/\/parr78.fr\/Wpress\/wp-content\/uploads\/2020\/01\/sequoia.jpg\"><figure class=\"swiper-slide-inner\"><img decoding=\"async\" class=\"swiper-slide-image lazyload\" data-src=\"https:\/\/parr78.fr\/Wpress\/wp-content\/uploads\/2020\/01\/sequoia-196x300.jpg\" alt=\"cliquer pour agrandir\" src=\"data:image\/svg+xml;base64,PHN2ZyB3aWR0aD0iMSIgaGVpZ2h0PSIxIiB4bWxucz0iaHR0cDovL3d3dy53My5vcmcvMjAwMC9zdmciPjwvc3ZnPg==\" style=\"--smush-placeholder-width: 196px; --smush-placeholder-aspect-ratio: 196\/300;\" \/><\/figure><\/a><\/div><div class=\"swiper-slide\" role=\"group\" aria-roledescription=\"slide\" aria-label=\"6 sur 8\"><a data-elementor-open-lightbox=\"yes\" data-elementor-lightbox-slideshow=\"4eb4863\" data-elementor-lightbox-title=\"merisier\" data-e-action-hash=\"#elementor-action%3Aaction%3Dlightbox%26settings%3DeyJpZCI6MTc5OCwidXJsIjoiaHR0cHM6XC9cL3BhcnI3OC5mclwvV3ByZXNzXC93cC1jb250ZW50XC91cGxvYWRzXC8yMDIwXC8wMVwvZGVzc2luLW1lcmlzaWVyLWNvcGllLXNjYWxlZC5qcGVnIiwic2xpZGVzaG93IjoiNGViNDg2MyJ9\" href=\"https:\/\/parr78.fr\/Wpress\/wp-content\/uploads\/2020\/01\/dessin-merisier-copie-scaled.jpeg\"><figure class=\"swiper-slide-inner\"><img decoding=\"async\" class=\"swiper-slide-image lazyload\" data-src=\"https:\/\/parr78.fr\/Wpress\/wp-content\/uploads\/2020\/01\/dessin-merisier-copie-216x300.jpeg\" alt=\"cliquer pour agrandir\" src=\"data:image\/svg+xml;base64,PHN2ZyB3aWR0aD0iMSIgaGVpZ2h0PSIxIiB4bWxucz0iaHR0cDovL3d3dy53My5vcmcvMjAwMC9zdmciPjwvc3ZnPg==\" style=\"--smush-placeholder-width: 216px; --smush-placeholder-aspect-ratio: 216\/300;\" \/><\/figure><\/a><\/div><div class=\"swiper-slide\" role=\"group\" aria-roledescription=\"slide\" aria-label=\"7 sur 8\"><a data-elementor-open-lightbox=\"yes\" data-elementor-lightbox-slideshow=\"4eb4863\" data-elementor-lightbox-title=\"sapin d&#039;Espagne\" data-e-action-hash=\"#elementor-action%3Aaction%3Dlightbox%26settings%3DeyJpZCI6MTc5MSwidXJsIjoiaHR0cHM6XC9cL3BhcnI3OC5mclwvV3ByZXNzXC93cC1jb250ZW50XC91cGxvYWRzXC8yMDIwXC8wNFwvc2FwaW4uanBnIiwic2xpZGVzaG93IjoiNGViNDg2MyJ9\" href=\"https:\/\/parr78.fr\/Wpress\/wp-content\/uploads\/2020\/04\/sapin.jpg\"><figure class=\"swiper-slide-inner\"><img decoding=\"async\" class=\"swiper-slide-image lazyload\" data-src=\"https:\/\/parr78.fr\/Wpress\/wp-content\/uploads\/2020\/04\/sapin-229x300.jpg\" alt=\"cliquer pour agrandir\" src=\"data:image\/svg+xml;base64,PHN2ZyB3aWR0aD0iMSIgaGVpZ2h0PSIxIiB4bWxucz0iaHR0cDovL3d3dy53My5vcmcvMjAwMC9zdmciPjwvc3ZnPg==\" style=\"--smush-placeholder-width: 229px; --smush-placeholder-aspect-ratio: 229\/300;\" \/><\/figure><\/a><\/div><div class=\"swiper-slide\" role=\"group\" aria-roledescription=\"slide\" aria-label=\"8 sur 8\"><a data-elementor-open-lightbox=\"yes\" data-elementor-lightbox-slideshow=\"4eb4863\" data-elementor-lightbox-title=\"Platane commun\" data-e-action-hash=\"#elementor-action%3Aaction%3Dlightbox%26settings%3DeyJpZCI6MTEwOCwidXJsIjoiaHR0cHM6XC9cL3BhcnI3OC5mclwvV3ByZXNzXC93cC1jb250ZW50XC91cGxvYWRzXC8yMDE5XC8wOVwvUGxhdGFuZS1jb21tdW4uanBnIiwic2xpZGVzaG93IjoiNGViNDg2MyJ9\" href=\"https:\/\/parr78.fr\/Wpress\/wp-content\/uploads\/2019\/09\/Platane-commun.jpg\"><figure class=\"swiper-slide-inner\"><img decoding=\"async\" class=\"swiper-slide-image lazyload\" data-src=\"https:\/\/parr78.fr\/Wpress\/wp-content\/uploads\/2019\/09\/Platane-commun-203x300.jpg\" alt=\"cliquer pour agrandir\" src=\"data:image\/svg+xml;base64,PHN2ZyB3aWR0aD0iMSIgaGVpZ2h0PSIxIiB4bWxucz0iaHR0cDovL3d3dy53My5vcmcvMjAwMC9zdmciPjwvc3ZnPg==\" style=\"--smush-placeholder-width: 203px; --smush-placeholder-aspect-ratio: 203\/300;\" \/><\/figure><\/a><\/div>\t\t\t<\/div>\n\t\t\t\t\t\t\t\t\t\t\t\t<div class=\"elementor-swiper-button elementor-swiper-button-prev\" role=\"button\" tabindex=\"0\">\n\t\t\t\t\t\t<i aria-hidden=\"true\" class=\"eicon-chevron-left\"><\/i>\t\t\t\t\t<\/div>\n\t\t\t\t\t<div class=\"elementor-swiper-button elementor-swiper-button-next\" role=\"button\" tabindex=\"0\">\n\t\t\t\t\t\t<i aria-hidden=\"true\" class=\"eicon-chevron-right\"><\/i>\t\t\t\t\t<\/div>\n\t\t\t\t\n\t\t\t\t\t\t\t\t\t<div class=\"swiper-pagination\"><\/div>\n\t\t\t\t\t\t\t\t\t<\/div>\n\t\t\t\t\t\t<\/div>\n\t\t\t\t<\/div>\n\t\t\t\t\t<\/div>\n\t\t<\/div>\n\t\t\t\t\t<\/div>\n\t\t<\/section>\n\t\t\t\t<\/div>\n\t\t","protected":false},"excerpt":{"rendered":"<p>La r\u00e9putation de Rambouillet repose en grande partie sur la qualit\u00e9 de son environnement et tout particuli\u00e8rement sur sa for\u00eat et ses espaces arbor\u00e9s. Les rambolitains y sont particuli\u00e8rement attach\u00e9s m\u00eame si beaucoup, tellement habitu\u00e9s \u00e0 ce d\u00e9cor de verdure, n\u2019y font plus attention au quotidien. Le d\u00e9veloppement urbain, qui r\u00e9pond \u00e0 la n\u00e9cessit\u00e9 d\u2019offrir [&hellip;]<\/p>\n","protected":false},"author":1,"featured_media":0,"parent":0,"menu_order":0,"comment_status":"closed","ping_status":"closed","template":"","meta":{"ocean_post_layout":"full-screen","ocean_both_sidebars_style":"","ocean_both_sidebars_content_width":0,"ocean_both_sidebars_sidebars_width":0,"ocean_sidebar":"0","ocean_second_sidebar":"0","ocean_disable_margins":"enable","ocean_add_body_class":"","ocean_shortcode_before_top_bar":"","ocean_shortcode_after_top_bar":"","ocean_shortcode_before_header":"","ocean_shortcode_after_header":"","ocean_has_shortcode":"","ocean_shortcode_after_title":"","ocean_shortcode_before_footer_widgets":"","ocean_shortcode_after_footer_widgets":"","ocean_shortcode_before_footer_bottom":"","ocean_shortcode_after_footer_bottom":"","ocean_display_top_bar":"default","ocean_display_header":"default","ocean_header_style":"","ocean_center_header_left_menu":"0","ocean_custom_header_template":"0","ocean_custom_logo":0,"ocean_custom_retina_logo":0,"ocean_custom_logo_max_width":0,"ocean_custom_logo_tablet_max_width":0,"ocean_custom_logo_mobile_max_width":0,"ocean_custom_logo_max_height":0,"ocean_custom_logo_tablet_max_height":0,"ocean_custom_logo_mobile_max_height":0,"ocean_header_custom_menu":"0","ocean_menu_typo_font_family":"0","ocean_menu_typo_font_subset":"","ocean_menu_typo_font_size":0,"ocean_menu_typo_font_size_tablet":0,"ocean_menu_typo_font_size_mobile":0,"ocean_menu_typo_font_size_unit":"px","ocean_menu_typo_font_weight":"","ocean_menu_typo_font_weight_tablet":"","ocean_menu_typo_font_weight_mobile":"","ocean_menu_typo_transform":"","ocean_menu_typo_transform_tablet":"","ocean_menu_typo_transform_mobile":"","ocean_menu_typo_line_height":0,"ocean_menu_typo_line_height_tablet":0,"ocean_menu_typo_line_height_mobile":0,"ocean_menu_typo_line_height_unit":"","ocean_menu_typo_spacing":0,"ocean_menu_typo_spacing_tablet":0,"ocean_menu_typo_spacing_mobile":0,"ocean_menu_typo_spacing_unit":"","ocean_menu_link_color":"","ocean_menu_link_color_hover":"","ocean_menu_link_color_active":"","ocean_menu_link_background":"","ocean_menu_link_hover_background":"","ocean_menu_link_active_background":"","ocean_menu_social_links_bg":"","ocean_menu_social_hover_links_bg":"","ocean_menu_social_links_color":"","ocean_menu_social_hover_links_color":"","ocean_disable_title":"default","ocean_disable_heading":"default","ocean_post_title":"","ocean_post_subheading":"","ocean_post_title_style":"","ocean_post_title_background_color":"","ocean_post_title_background":0,"ocean_post_title_bg_image_position":"","ocean_post_title_bg_image_attachment":"","ocean_post_title_bg_image_repeat":"","ocean_post_title_bg_image_size":"","ocean_post_title_height":0,"ocean_post_title_bg_overlay":0.5,"ocean_post_title_bg_overlay_color":"","ocean_disable_breadcrumbs":"default","ocean_breadcrumbs_color":"","ocean_breadcrumbs_separator_color":"","ocean_breadcrumbs_links_color":"","ocean_breadcrumbs_links_hover_color":"","ocean_display_footer_widgets":"default","ocean_display_footer_bottom":"default","ocean_custom_footer_template":"0","footnotes":""},"class_list":["post-1096","page","type-page","status-publish","hentry","entry"],"rttpg_featured_image_url":null,"rttpg_author":{"display_name":"christian","author_link":"https:\/\/parr78.fr\/Wpress\/author\/christian\/"},"rttpg_comment":0,"rttpg_category":null,"rttpg_excerpt":"La r\u00e9putation de Rambouillet repose en grande partie sur la qualit\u00e9 de son environnement et tout particuli\u00e8rement sur sa for\u00eat et ses espaces arbor\u00e9s. Les rambolitains y sont particuli\u00e8rement attach\u00e9s m\u00eame si beaucoup, tellement habitu\u00e9s \u00e0 ce d\u00e9cor de verdure, n\u2019y font plus attention au quotidien. Le d\u00e9veloppement urbain, qui r\u00e9pond \u00e0 la n\u00e9cessit\u00e9 d\u2019offrir\u2026","_links":{"self":[{"href":"https:\/\/parr78.fr\/Wpress\/wp-json\/wp\/v2\/pages\/1096","targetHints":{"allow":["GET"]}}],"collection":[{"href":"https:\/\/parr78.fr\/Wpress\/wp-json\/wp\/v2\/pages"}],"about":[{"href":"https:\/\/parr78.fr\/Wpress\/wp-json\/wp\/v2\/types\/page"}],"author":[{"embeddable":true,"href":"https:\/\/parr78.fr\/Wpress\/wp-json\/wp\/v2\/users\/1"}],"replies":[{"embeddable":true,"href":"https:\/\/parr78.fr\/Wpress\/wp-json\/wp\/v2\/comments?post=1096"}],"version-history":[{"count":16,"href":"https:\/\/parr78.fr\/Wpress\/wp-json\/wp\/v2\/pages\/1096\/revisions"}],"predecessor-version":[{"id":2254,"href":"https:\/\/parr78.fr\/Wpress\/wp-json\/wp\/v2\/pages\/1096\/revisions\/2254"}],"wp:attachment":[{"href":"https:\/\/parr78.fr\/Wpress\/wp-json\/wp\/v2\/media?parent=1096"}],"curies":[{"name":"wp","href":"https:\/\/api.w.org\/{rel}","templated":true}]}}